{"id":9560,"date":"2025-06-23T14:19:03","date_gmt":"2025-06-23T12:19:03","guid":{"rendered":"https:\/\/www.prognessa.com\/loesungen\/marketing-strategie\/"},"modified":"2025-11-25T11:21:22","modified_gmt":"2025-11-25T10:21:22","slug":"marketing-strategie","status":"publish","type":"page","link":"https:\/\/www.prognessa.com\/de\/loesungen\/marketing-strategie\/","title":{"rendered":"Marketing Strategie"},"content":{"rendered":"\t\t<div data-elementor-type=\"wp-page\" data-elementor-id=\"9560\" class=\"elementor elementor-9560 elementor-801\" data-elementor-post-type=\"page\">\n\t\t\t\t<div class=\"elementor-element elementor-element-263a451 e-flex e-con-boxed e-con e-parent\" data-id=\"263a451\" data-element_type=\"container\" data-e-type=\"container\" data-settings=\"{&quot;background_background&quot;:&quot;classic&quot;}\">\n\t\t\t\t\t<div class=\"e-con-inner\">\n\t\t<div class=\"elementor-element elementor-element-9312a2f e-con-full e-flex e-con e-child\" data-id=\"9312a2f\" data-element_type=\"container\" data-e-type=\"container\">\n\t\t\t\t<div class=\"elementor-element elementor-element-5c4fb3d elementor-widget elementor-widget-heading\" data-id=\"5c4fb3d\" data-element_type=\"widget\" data-e-type=\"widget\" data-widget_type=\"heading.default\">\n\t\t\t\t<div class=\"elementor-widget-container\">\n\t\t\t\t\t<h1 class=\"elementor-heading-title elementor-size-default\"><span class=\"text-stroke\">Marketing<\/span> <br> Strategie<\/h1>\t\t\t\t<\/div>\n\t\t\t\t<\/div>\n\t\t\t\t<div class=\"elementor-element elementor-element-5a7a452 elementor-widget elementor-widget-text-editor\" data-id=\"5a7a452\" data-element_type=\"widget\" data-e-type=\"widget\" data-widget_type=\"text-editor.default\">\n\t\t\t\t<div class=\"elementor-widget-container\">\n\t\t\t\t\t\t\t\t\t<p>Zu wissen, wie Ihr Produkt die Probleme der Menschen l\u00f6sen kann und zu wissen, wann, wo und wie Sie sich in den Medien pr\u00e4sentieren m\u00fcssen, ist der Unterschied zwischen sicheren und unsicheren Schritten im Gesch\u00e4ft.<\/p>\t\t\t\t\t\t\t\t<\/div>\n\t\t\t\t<\/div>\n\t\t<div class=\"elementor-element elementor-element-ad197d5 e-con-full e-flex e-con e-child\" data-id=\"ad197d5\" data-element_type=\"container\" data-e-type=\"container\">\n\t\t\t\t<div class=\"elementor-element elementor-element-8284aee elementor-align-right glow-button-gold elementor-widget elementor-widget-button\" data-id=\"8284aee\" data-element_type=\"widget\" data-e-type=\"widget\" data-widget_type=\"button.default\">\n\t\t\t\t<div class=\"elementor-widget-container\">\n\t\t\t\t\t\t\t\t\t<div class=\"elementor-button-wrapper\">\n\t\t\t\t\t<a class=\"elementor-button elementor-button-link elementor-size-md\" href=\"https:\/\/www.prognessa.com\/de\/kontakt\/\">\n\t\t\t\t\t\t<span class=\"elementor-button-content-wrapper\">\n\t\t\t\t\t\t\t\t\t<span class=\"elementor-button-text\">Ich bin interessiert<\/span>\n\t\t\t\t\t<\/span>\n\t\t\t\t\t<\/a>\n\t\t\t\t<\/div>\n\t\t\t\t\t\t\t\t<\/div>\n\t\t\t\t<\/div>\n\t\t\t\t<\/div>\n\t\t\t\t<\/div>\n\t\t<div class=\"elementor-element elementor-element-45b3e0d e-con-full e-flex e-con e-child\" data-id=\"45b3e0d\" data-element_type=\"container\" data-e-type=\"container\">\n\t\t\t\t<div class=\"elementor-element elementor-element-78ab757 elementor-hidden-mobile elementor-widget elementor-widget-image\" data-id=\"78ab757\" data-element_type=\"widget\" data-e-type=\"widget\" data-widget_type=\"image.default\">\n\t\t\t\t<div class=\"elementor-widget-container\">\n\t\t\t\t\t\t\t\t\t\t\t\t\t\t\t<img fetchpriority=\"high\" decoding=\"async\" width=\"800\" height=\"800\" src=\"https:\/\/www.prognessa.com\/wp-content\/uploads\/2025\/07\/freepik__background__50894.png\" class=\"attachment-large size-large wp-image-9563\" alt=\"\" srcset=\"https:\/\/www.prognessa.com\/wp-content\/uploads\/2025\/07\/freepik__background__50894.png 1024w, https:\/\/www.prognessa.com\/wp-content\/uploads\/2025\/07\/freepik__background__50894-300x300.png 300w, https:\/\/www.prognessa.com\/wp-content\/uploads\/2025\/07\/freepik__background__50894-150x150.png 150w, https:\/\/www.prognessa.com\/wp-content\/uploads\/2025\/07\/freepik__background__50894-768x768.png 768w\" sizes=\"(max-width: 800px) 100vw, 800px\" \/>\t\t\t\t\t\t\t\t\t\t\t\t\t\t\t<\/div>\n\t\t\t\t<\/div>\n\t\t\t\t<\/div>\n\t\t\t\t\t<\/div>\n\t\t\t\t<\/div>\n\t\t<div class=\"elementor-element elementor-element-46ffcd9 e-flex e-con-boxed e-con e-parent\" data-id=\"46ffcd9\" data-element_type=\"container\" data-e-type=\"container\">\n\t\t\t\t\t<div class=\"e-con-inner\">\n\t\t<div class=\"elementor-element elementor-element-4638abe e-con-full glass e-flex e-con e-child\" data-id=\"4638abe\" data-element_type=\"container\" data-e-type=\"container\" data-settings=\"{&quot;background_background&quot;:&quot;gradient&quot;}\">\n\t\t<div class=\"elementor-element elementor-element-975ff12 e-con-full e-flex e-con e-child\" data-id=\"975ff12\" data-element_type=\"container\" data-e-type=\"container\">\n\t\t\t\t<div class=\"elementor-element elementor-element-d95e63b elementor-widget elementor-widget-image\" data-id=\"d95e63b\" data-element_type=\"widget\" data-e-type=\"widget\" data-widget_type=\"image.default\">\n\t\t\t\t<div class=\"elementor-widget-container\">\n\t\t\t\t\t\t\t\t\t\t\t\t\t\t\t<img decoding=\"async\" width=\"800\" height=\"534\" src=\"https:\/\/www.prognessa.com\/wp-content\/uploads\/2025\/07\/marketingova-strategia-prognessa-solutions-1-1024x683.jpg\" class=\"attachment-large size-large wp-image-9562\" alt=\"\" srcset=\"https:\/\/www.prognessa.com\/wp-content\/uploads\/2025\/07\/marketingova-strategia-prognessa-solutions-1-1024x683.jpg 1024w, https:\/\/www.prognessa.com\/wp-content\/uploads\/2025\/07\/marketingova-strategia-prognessa-solutions-1-300x200.jpg 300w, https:\/\/www.prognessa.com\/wp-content\/uploads\/2025\/07\/marketingova-strategia-prognessa-solutions-1-768x512.jpg 768w, https:\/\/www.prognessa.com\/wp-content\/uploads\/2025\/07\/marketingova-strategia-prognessa-solutions-1-1536x1025.jpg 1536w, https:\/\/www.prognessa.com\/wp-content\/uploads\/2025\/07\/marketingova-strategia-prognessa-solutions-1.jpg 2000w\" sizes=\"(max-width: 800px) 100vw, 800px\" \/>\t\t\t\t\t\t\t\t\t\t\t\t\t\t\t<\/div>\n\t\t\t\t<\/div>\n\t\t\t\t<\/div>\n\t\t<div class=\"elementor-element elementor-element-058866e e-con-full e-flex e-con e-child\" data-id=\"058866e\" data-element_type=\"container\" data-e-type=\"container\">\n\t\t\t\t<div class=\"elementor-element elementor-element-d0554ca elementor-widget elementor-widget-text-editor\" data-id=\"d0554ca\" data-element_type=\"widget\" data-e-type=\"widget\" data-widget_type=\"text-editor.default\">\n\t\t\t\t<div class=\"elementor-widget-container\">\n\t\t\t\t\t\t\t\t\t<p>Wir m\u00fcssen alle unsere Aktivit\u00e4ten an einen Markt anpassen, der sich sehr schnell ver\u00e4ndert. Sobald wir einen Prozess und ein System eingef\u00fchrt haben, m\u00fcssen wir es zum richtigen Zeitpunkt anpassen und auf den neuesten Stand bringen. <\/p>\t\t\t\t\t\t\t\t<\/div>\n\t\t\t\t<\/div>\n\t\t\t\t<\/div>\n\t\t\t\t<\/div>\n\t\t\t\t\t<\/div>\n\t\t\t\t<\/div>\n\t\t<div class=\"elementor-element elementor-element-13cb85c e-flex e-con-boxed e-con e-parent\" data-id=\"13cb85c\" data-element_type=\"container\" data-e-type=\"container\">\n\t\t\t\t\t<div class=\"e-con-inner\">\n\t\t<div class=\"elementor-element elementor-element-5097312 e-con-full e-flex e-con e-child\" data-id=\"5097312\" data-element_type=\"container\" data-e-type=\"container\">\n\t\t\t\t<div class=\"elementor-element elementor-element-1d24eab elementor-widget elementor-widget-heading\" data-id=\"1d24eab\" data-element_type=\"widget\" data-e-type=\"widget\" data-widget_type=\"heading.default\">\n\t\t\t\t<div class=\"elementor-widget-container\">\n\t\t\t\t\t<h2 class=\"elementor-heading-title elementor-size-default\">Die H\u00e4lfte der f\u00fcr Marketing ausgegebenen Kosten ist verschwendetes Geld. Die Millionen-Dollar-Frage ist, welche H\u00e4lfte ist es? <\/h2>\t\t\t\t<\/div>\n\t\t\t\t<\/div>\n\t\t\t\t<\/div>\n\t\t<div class=\"elementor-element elementor-element-ca32b50 e-con-full glass e-flex e-con e-child\" data-id=\"ca32b50\" data-element_type=\"container\" data-e-type=\"container\" data-settings=\"{&quot;background_background&quot;:&quot;gradient&quot;}\">\n\t\t\t\t<div class=\"elementor-element elementor-element-a83a75b elementor-widget elementor-widget-text-editor\" data-id=\"a83a75b\" data-element_type=\"widget\" data-e-type=\"widget\" data-widget_type=\"text-editor.default\">\n\t\t\t\t<div class=\"elementor-widget-container\">\n\t\t\t\t\t\t\t\t\t<p>Zun\u00e4chst einmal ist es wichtig, sich das Gesch\u00e4ft, die Preispolitik und die Kommunikationsstrategie anzusehen. Kurz gesagt, stellen Sie sicher, dass Sie die 4Ps &#8211; Preis, Ort, Werbeaktionen, Produkt &#8211; gut definiert haben.  <\/p>\t\t\t\t\t\t\t\t<\/div>\n\t\t\t\t<\/div>\n\t\t\t\t<\/div>\n\t\t\t\t\t<\/div>\n\t\t\t\t<\/div>\n\t\t<div class=\"elementor-element elementor-element-5a45f8a e-flex e-con-boxed e-con e-parent\" data-id=\"5a45f8a\" data-element_type=\"container\" data-e-type=\"container\">\n\t\t\t\t\t<div class=\"e-con-inner\">\n\t\t<div class=\"elementor-element elementor-element-96a5b04 e-con-full glass e-flex e-con e-child\" data-id=\"96a5b04\" data-element_type=\"container\" data-e-type=\"container\" data-settings=\"{&quot;background_background&quot;:&quot;gradient&quot;}\">\n\t\t<div class=\"elementor-element elementor-element-b4a83af e-con-full e-flex e-con e-child\" data-id=\"b4a83af\" data-element_type=\"container\" data-e-type=\"container\">\n\t\t\t\t<div class=\"elementor-element elementor-element-48d8a6d elementor-widget elementor-widget-image\" data-id=\"48d8a6d\" data-element_type=\"widget\" data-e-type=\"widget\" data-widget_type=\"image.default\">\n\t\t\t\t<div class=\"elementor-widget-container\">\n\t\t\t\t\t\t\t\t\t\t\t\t\t\t\t<img decoding=\"async\" width=\"800\" height=\"534\" src=\"https:\/\/www.prognessa.com\/wp-content\/uploads\/2025\/07\/procesna-analyza-prognessa-solutions-1024x683.jpg\" class=\"attachment-large size-large wp-image-9584\" alt=\"\" srcset=\"https:\/\/www.prognessa.com\/wp-content\/uploads\/2025\/07\/procesna-analyza-prognessa-solutions-1024x683.jpg 1024w, https:\/\/www.prognessa.com\/wp-content\/uploads\/2025\/07\/procesna-analyza-prognessa-solutions-300x200.jpg 300w, https:\/\/www.prognessa.com\/wp-content\/uploads\/2025\/07\/procesna-analyza-prognessa-solutions-768x512.jpg 768w, https:\/\/www.prognessa.com\/wp-content\/uploads\/2025\/07\/procesna-analyza-prognessa-solutions-1536x1025.jpg 1536w, https:\/\/www.prognessa.com\/wp-content\/uploads\/2025\/07\/procesna-analyza-prognessa-solutions.jpg 2000w\" sizes=\"(max-width: 800px) 100vw, 800px\" \/>\t\t\t\t\t\t\t\t\t\t\t\t\t\t\t<\/div>\n\t\t\t\t<\/div>\n\t\t\t\t<\/div>\n\t\t<div class=\"elementor-element elementor-element-fe4e5c0 e-con-full e-flex e-con e-child\" data-id=\"fe4e5c0\" data-element_type=\"container\" data-e-type=\"container\">\n\t\t\t\t<div class=\"elementor-element elementor-element-a04e002 elementor-widget elementor-widget-text-editor\" data-id=\"a04e002\" data-element_type=\"widget\" data-e-type=\"widget\" data-widget_type=\"text-editor.default\">\n\t\t\t\t<div class=\"elementor-widget-container\">\n\t\t\t\t\t\t\t\t\t<div id=\"text_block-358-3710\" class=\"ct-text-block content1-text\">Die Definition der 4Ps steht in direktem Zusammenhang mit der Analyse Ihrer aktuellen Situation &#8211; der SWOT-Analyse. Wir ermitteln Ihre St\u00e4rken und Schw\u00e4chen in Kombination mit externen Chancen und Bedrohungen. <\/div><div id=\"text_block-361-3710\" class=\"ct-text-block content1-text\">Solange alle notwendigen Daten vorhanden sind, k\u00f6nnen Sie klar erkennen, welche Kommunikationskan\u00e4le und welche Wege zu Ihren Zielen f\u00fchren.<\/div>\t\t\t\t\t\t\t\t<\/div>\n\t\t\t\t<\/div>\n\t\t\t\t<\/div>\n\t\t\t\t<\/div>\n\t\t\t\t\t<\/div>\n\t\t\t\t<\/div>\n\t\t<div class=\"elementor-element elementor-element-383af4d e-grid e-con-boxed e-con e-parent\" data-id=\"383af4d\" data-element_type=\"container\" data-e-type=\"container\">\n\t\t\t\t\t<div class=\"e-con-inner\">\n\t\t<div class=\"elementor-element elementor-element-9bc4875 e-flex e-con-boxed e-con e-child\" data-id=\"9bc4875\" data-element_type=\"container\" data-e-type=\"container\">\n\t\t\t\t\t<div class=\"e-con-inner\">\n\t\t\t\t<div class=\"elementor-element elementor-element-697ead9 elementor-widget elementor-widget-video\" data-id=\"697ead9\" data-element_type=\"widget\" data-e-type=\"widget\" data-settings=\"{&quot;youtube_url&quot;:&quot;https:\\\/\\\/www.youtube.com\\\/shorts\\\/u69CoGd9n9o?embeds_referring_euri=https%3A%2F%2Fwww.prognessa.com%2F&amp;source_ve_path=Mjg2NjY&quot;,&quot;video_type&quot;:&quot;youtube&quot;,&quot;controls&quot;:&quot;yes&quot;}\" data-widget_type=\"video.default\">\n\t\t\t\t<div class=\"elementor-widget-container\">\n\t\t\t\t\t\t\t<div class=\"elementor-wrapper elementor-open-inline\">\n\t\t\t<div class=\"elementor-video\"><\/div>\t\t<\/div>\n\t\t\t\t\t\t<\/div>\n\t\t\t\t<\/div>\n\t\t\t\t\t<\/div>\n\t\t\t\t<\/div>\n\t\t<div class=\"elementor-element elementor-element-2fcf71b e-con-full e-flex e-con e-child\" data-id=\"2fcf71b\" data-element_type=\"container\" data-e-type=\"container\">\n\t\t\t\t<div class=\"elementor-element elementor-element-872ce38 elementor-widget elementor-widget-video\" data-id=\"872ce38\" data-element_type=\"widget\" data-e-type=\"widget\" data-settings=\"{&quot;youtube_url&quot;:&quot;https:\\\/\\\/www.youtube.com\\\/shorts\\\/RDuYL1nkJIs?embeds_referring_euri=https%3A%2F%2Fwww.prognessa.com%2F&amp;source_ve_path=Mjg2NjY&quot;,&quot;video_type&quot;:&quot;youtube&quot;,&quot;controls&quot;:&quot;yes&quot;}\" data-widget_type=\"video.default\">\n\t\t\t\t<div class=\"elementor-widget-container\">\n\t\t\t\t\t\t\t<div class=\"elementor-wrapper elementor-open-inline\">\n\t\t\t<div class=\"elementor-video\"><\/div>\t\t<\/div>\n\t\t\t\t\t\t<\/div>\n\t\t\t\t<\/div>\n\t\t\t\t<\/div>\n\t\t<div class=\"elementor-element elementor-element-fc64fea e-con-full e-flex e-con e-child\" data-id=\"fc64fea\" data-element_type=\"container\" data-e-type=\"container\">\n\t\t\t\t<div class=\"elementor-element elementor-element-f176371 elementor-widget elementor-widget-video\" data-id=\"f176371\" data-element_type=\"widget\" data-e-type=\"widget\" data-settings=\"{&quot;youtube_url&quot;:&quot;https:\\\/\\\/www.youtube.com\\\/shorts\\\/X9ZKhXmHPbo?embeds_referring_euri=https%3A%2F%2Fwww.prognessa.com%2F&amp;source_ve_path=Mjg2NjY&quot;,&quot;video_type&quot;:&quot;youtube&quot;,&quot;controls&quot;:&quot;yes&quot;}\" data-widget_type=\"video.default\">\n\t\t\t\t<div class=\"elementor-widget-container\">\n\t\t\t\t\t\t\t<div class=\"elementor-wrapper elementor-open-inline\">\n\t\t\t<div class=\"elementor-video\"><\/div>\t\t<\/div>\n\t\t\t\t\t\t<\/div>\n\t\t\t\t<\/div>\n\t\t\t\t<\/div>\n\t\t\t\t\t<\/div>\n\t\t\t\t<\/div>\n\t\t<div class=\"elementor-element elementor-element-c4cf46e e-flex e-con-boxed e-con e-parent\" data-id=\"c4cf46e\" data-element_type=\"container\" data-e-type=\"container\">\n\t\t\t\t\t<div class=\"e-con-inner\">\n\t\t\t\t<div class=\"elementor-element elementor-element-2d2f535 elementor-align-center glow-button-gold elementor-widget elementor-widget-button\" data-id=\"2d2f535\" data-element_type=\"widget\" data-e-type=\"widget\" data-widget_type=\"button.default\">\n\t\t\t\t<div class=\"elementor-widget-container\">\n\t\t\t\t\t\t\t\t\t<div class=\"elementor-button-wrapper\">\n\t\t\t\t\t<a class=\"elementor-button elementor-button-link elementor-size-md\" href=\"https:\/\/www.youtube.com\/playlist?list=PLzvOzpYqJJncCFnCiKdU4dALdcYAy3kwo\" target=\"_blank\" rel=\"noopener\">\n\t\t\t\t\t\t<span class=\"elementor-button-content-wrapper\">\n\t\t\t\t\t\t\t\t\t<span class=\"elementor-button-text\">Mehr Videos<\/span>\n\t\t\t\t\t<\/span>\n\t\t\t\t\t<\/a>\n\t\t\t\t<\/div>\n\t\t\t\t\t\t\t\t<\/div>\n\t\t\t\t<\/div>\n\t\t\t\t\t<\/div>\n\t\t\t\t<\/div>\n\t\t<div class=\"elementor-element elementor-element-65f6a60 e-flex e-con-boxed e-con e-parent\" data-id=\"65f6a60\" data-element_type=\"container\" data-e-type=\"container\">\n\t\t\t\t\t<div class=\"e-con-inner\">\n\t\t<div class=\"elementor-element elementor-element-6d3d3a3 e-con-full glass e-flex e-con e-child\" data-id=\"6d3d3a3\" data-element_type=\"container\" data-e-type=\"container\" data-settings=\"{&quot;background_background&quot;:&quot;gradient&quot;}\">\n\t\t<div class=\"elementor-element elementor-element-9a92152 e-con-full e-flex e-con e-child\" data-id=\"9a92152\" data-element_type=\"container\" data-e-type=\"container\">\n\t\t\t\t<div class=\"elementor-element elementor-element-c25fee6 elementor-widget elementor-widget-heading\" data-id=\"c25fee6\" data-element_type=\"widget\" data-e-type=\"widget\" data-widget_type=\"heading.default\">\n\t\t\t\t<div class=\"elementor-widget-container\">\n\t\t\t\t\t<h2 class=\"elementor-heading-title elementor-size-default\">Setzen wir uns auf einen Kaffee zusammen<\/h2>\t\t\t\t<\/div>\n\t\t\t\t<\/div>\n\t\t<div class=\"elementor-element elementor-element-e607db7 e-con-full e-flex e-con e-child\" data-id=\"e607db7\" data-element_type=\"container\" data-e-type=\"container\">\n\t\t\t\t<div class=\"elementor-element elementor-element-19cc6a7 elementor-align-right glow-button-gold elementor-widget elementor-widget-button\" data-id=\"19cc6a7\" data-element_type=\"widget\" data-e-type=\"widget\" data-widget_type=\"button.default\">\n\t\t\t\t<div class=\"elementor-widget-container\">\n\t\t\t\t\t\t\t\t\t<div class=\"elementor-button-wrapper\">\n\t\t\t\t\t<a class=\"elementor-button elementor-button-link elementor-size-md\" href=\"#\">\n\t\t\t\t\t\t<span class=\"elementor-button-content-wrapper\">\n\t\t\t\t\t\t\t\t\t<span class=\"elementor-button-text\">0902 126 561<\/span>\n\t\t\t\t\t<\/span>\n\t\t\t\t\t<\/a>\n\t\t\t\t<\/div>\n\t\t\t\t\t\t\t\t<\/div>\n\t\t\t\t<\/div>\n\t\t\t\t<div class=\"elementor-element elementor-element-01cabbf elementor-align-right glow-button-gold elementor-widget elementor-widget-button\" data-id=\"01cabbf\" data-element_type=\"widget\" data-e-type=\"widget\" data-widget_type=\"button.default\">\n\t\t\t\t<div class=\"elementor-widget-container\">\n\t\t\t\t\t\t\t\t\t<div class=\"elementor-button-wrapper\">\n\t\t\t\t\t<a class=\"elementor-button elementor-button-link elementor-size-md\" href=\"#\">\n\t\t\t\t\t\t<span class=\"elementor-button-content-wrapper\">\n\t\t\t\t\t\t\t\t\t<span class=\"elementor-button-text\">info@prognessa.com<\/span>\n\t\t\t\t\t<\/span>\n\t\t\t\t\t<\/a>\n\t\t\t\t<\/div>\n\t\t\t\t\t\t\t\t<\/div>\n\t\t\t\t<\/div>\n\t\t\t\t<\/div>\n\t\t\t\t<\/div>\n\t\t<div class=\"elementor-element elementor-element-d3ec939 e-con-full e-flex e-con e-child\" data-id=\"d3ec939\" data-element_type=\"container\" data-e-type=\"container\">\n\t\t\t\t<div class=\"elementor-element elementor-element-49873b3 elementor-widget elementor-widget-image\" data-id=\"49873b3\" data-element_type=\"widget\" data-e-type=\"widget\" data-widget_type=\"image.default\">\n\t\t\t\t<div class=\"elementor-widget-container\">\n\t\t\t\t\t\t\t\t\t\t\t\t\t\t\t<img loading=\"lazy\" decoding=\"async\" width=\"800\" height=\"919\" src=\"https:\/\/www.prognessa.com\/wp-content\/uploads\/2025\/06\/csurovci-891x1024.png\" class=\"attachment-large size-large wp-image-9589\" alt=\"\" srcset=\"https:\/\/www.prognessa.com\/wp-content\/uploads\/2025\/06\/csurovci-891x1024.png 891w, https:\/\/www.prognessa.com\/wp-content\/uploads\/2025\/06\/csurovci-261x300.png 261w, https:\/\/www.prognessa.com\/wp-content\/uploads\/2025\/06\/csurovci-768x883.png 768w, https:\/\/www.prognessa.com\/wp-content\/uploads\/2025\/06\/csurovci.png 1286w\" sizes=\"(max-width: 800px) 100vw, 800px\" \/>\t\t\t\t\t\t\t\t\t\t\t\t\t\t\t<\/div>\n\t\t\t\t<\/div>\n\t\t\t\t<\/div>\n\t\t\t\t<\/div>\n\t\t\t\t\t<\/div>\n\t\t\t\t<\/div>\n\t\t\t\t<\/div>\n\t\t","protected":false},"excerpt":{"rendered":"<p>Marketing Strategie Zu wissen, wie Ihr Produkt die Probleme der Menschen l\u00f6sen kann und zu wissen, wann, wo und wie Sie sich in den Medien pr\u00e4sentieren m\u00fcssen, ist der Unterschied zwischen sicheren und unsicheren Schritten im Gesch\u00e4ft. Ich bin interessiert Wir m\u00fcssen alle unsere Aktivit\u00e4ten an einen Markt anpassen, der sich sehr schnell ver\u00e4ndert. Sobald [&hellip;]<\/p>\n","protected":false},"author":1,"featured_media":0,"parent":9482,"menu_order":0,"comment_status":"closed","ping_status":"closed","template":"elementor_header_footer","meta":{"_acf_changed":false,"inline_featured_image":false,"footnotes":""},"class_list":["post-9560","page","type-page","status-publish","hentry"],"acf":[],"_links":{"self":[{"href":"https:\/\/www.prognessa.com\/de\/wp-json\/wp\/v2\/pages\/9560","targetHints":{"allow":["GET"]}}],"collection":[{"href":"https:\/\/www.prognessa.com\/de\/wp-json\/wp\/v2\/pages"}],"about":[{"href":"https:\/\/www.prognessa.com\/de\/wp-json\/wp\/v2\/types\/page"}],"author":[{"embeddable":true,"href":"https:\/\/www.prognessa.com\/de\/wp-json\/wp\/v2\/users\/1"}],"replies":[{"embeddable":true,"href":"https:\/\/www.prognessa.com\/de\/wp-json\/wp\/v2\/comments?post=9560"}],"version-history":[{"count":2,"href":"https:\/\/www.prognessa.com\/de\/wp-json\/wp\/v2\/pages\/9560\/revisions"}],"predecessor-version":[{"id":9645,"href":"https:\/\/www.prognessa.com\/de\/wp-json\/wp\/v2\/pages\/9560\/revisions\/9645"}],"up":[{"embeddable":true,"href":"https:\/\/www.prognessa.com\/de\/wp-json\/wp\/v2\/pages\/9482"}],"wp:attachment":[{"href":"https:\/\/www.prognessa.com\/de\/wp-json\/wp\/v2\/media?parent=9560"}],"curies":[{"name":"wp","href":"https:\/\/api.w.org\/{rel}","templated":true}]}}