{"id":9565,"date":"2025-06-23T14:18:41","date_gmt":"2025-06-23T12:18:41","guid":{"rendered":"https:\/\/www.prognessa.com\/loesungen\/change-management\/"},"modified":"2025-11-25T11:21:22","modified_gmt":"2025-11-25T10:21:22","slug":"change-management","status":"publish","type":"page","link":"https:\/\/www.prognessa.com\/de\/loesungen\/change-management\/","title":{"rendered":"Change Management"},"content":{"rendered":"\t\t<div data-elementor-type=\"wp-page\" data-elementor-id=\"9565\" class=\"elementor elementor-9565 elementor-799\" data-elementor-post-type=\"page\">\n\t\t\t\t<div class=\"elementor-element elementor-element-1e0a66b e-flex e-con-boxed e-con e-parent\" data-id=\"1e0a66b\" data-element_type=\"container\" data-e-type=\"container\" data-settings=\"{&quot;background_background&quot;:&quot;classic&quot;}\">\n\t\t\t\t\t<div class=\"e-con-inner\">\n\t\t<div class=\"elementor-element elementor-element-ca1ca7f e-con-full e-flex e-con e-child\" data-id=\"ca1ca7f\" data-element_type=\"container\" data-e-type=\"container\">\n\t\t\t\t<div class=\"elementor-element elementor-element-eac0ec7 elementor-widget elementor-widget-heading\" data-id=\"eac0ec7\" data-element_type=\"widget\" data-e-type=\"widget\" data-widget_type=\"heading.default\">\n\t\t\t\t<div class=\"elementor-widget-container\">\n\t\t\t\t\t<h1 class=\"elementor-heading-title elementor-size-default\"><span class=\"text-stroke\">Management <\/span> <br> \u00c4nderungen<\/h1>\t\t\t\t<\/div>\n\t\t\t\t<\/div>\n\t\t\t\t<div class=\"elementor-element elementor-element-df2a97f elementor-widget elementor-widget-text-editor\" data-id=\"df2a97f\" data-element_type=\"widget\" data-e-type=\"widget\" data-widget_type=\"text-editor.default\">\n\t\t\t\t<div class=\"elementor-widget-container\">\n\t\t\t\t\t\t\t\t\t<p>Change Management ist vergleichbar mit dem Steuern eines Schiffes, das auf einen bestimmten Kurs gebracht wurde. Sobald wir alle Systeme und Prozesse im Unternehmen so eingerichtet haben, dass sie ordnungsgem\u00e4\u00df funktionieren, k\u00f6nnen wir dar\u00fcber nachdenken, was der n\u00e4chste Schritt nach vorne sein wird. <\/p>\t\t\t\t\t\t\t\t<\/div>\n\t\t\t\t<\/div>\n\t\t<div class=\"elementor-element elementor-element-6e58e8b e-con-full e-flex e-con e-child\" data-id=\"6e58e8b\" data-element_type=\"container\" data-e-type=\"container\">\n\t\t\t\t<div class=\"elementor-element elementor-element-635445a elementor-align-right glow-button-gold elementor-widget elementor-widget-button\" data-id=\"635445a\" data-element_type=\"widget\" data-e-type=\"widget\" data-widget_type=\"button.default\">\n\t\t\t\t<div class=\"elementor-widget-container\">\n\t\t\t\t\t\t\t\t\t<div class=\"elementor-button-wrapper\">\n\t\t\t\t\t<a class=\"elementor-button elementor-button-link elementor-size-md\" href=\"https:\/\/www.prognessa.com\/de\/kontakt\/\">\n\t\t\t\t\t\t<span class=\"elementor-button-content-wrapper\">\n\t\t\t\t\t\t\t\t\t<span class=\"elementor-button-text\">Ich bin interessiert<\/span>\n\t\t\t\t\t<\/span>\n\t\t\t\t\t<\/a>\n\t\t\t\t<\/div>\n\t\t\t\t\t\t\t\t<\/div>\n\t\t\t\t<\/div>\n\t\t\t\t<\/div>\n\t\t\t\t<\/div>\n\t\t<div class=\"elementor-element elementor-element-f8732be e-con-full e-flex e-con e-child\" data-id=\"f8732be\" data-element_type=\"container\" data-e-type=\"container\">\n\t\t\t\t<div class=\"elementor-element elementor-element-a7439c7 elementor-hidden-mobile elementor-widget elementor-widget-image\" data-id=\"a7439c7\" data-element_type=\"widget\" data-e-type=\"widget\" data-widget_type=\"image.default\">\n\t\t\t\t<div class=\"elementor-widget-container\">\n\t\t\t\t\t\t\t\t\t\t\t\t\t\t\t<img fetchpriority=\"high\" decoding=\"async\" width=\"800\" height=\"800\" src=\"https:\/\/www.prognessa.com\/wp-content\/uploads\/2025\/07\/manazment-zmien-1.png\" class=\"attachment-large size-large wp-image-9567\" alt=\"\" srcset=\"https:\/\/www.prognessa.com\/wp-content\/uploads\/2025\/07\/manazment-zmien-1.png 1024w, https:\/\/www.prognessa.com\/wp-content\/uploads\/2025\/07\/manazment-zmien-1-300x300.png 300w, https:\/\/www.prognessa.com\/wp-content\/uploads\/2025\/07\/manazment-zmien-1-150x150.png 150w, https:\/\/www.prognessa.com\/wp-content\/uploads\/2025\/07\/manazment-zmien-1-768x768.png 768w\" sizes=\"(max-width: 800px) 100vw, 800px\" \/>\t\t\t\t\t\t\t\t\t\t\t\t\t\t\t<\/div>\n\t\t\t\t<\/div>\n\t\t\t\t<\/div>\n\t\t\t\t\t<\/div>\n\t\t\t\t<\/div>\n\t\t<div class=\"elementor-element elementor-element-4df28ec e-flex e-con-boxed e-con e-parent\" data-id=\"4df28ec\" data-element_type=\"container\" data-e-type=\"container\">\n\t\t\t\t\t<div class=\"e-con-inner\">\n\t\t<div class=\"elementor-element elementor-element-ba3e3bb e-con-full glass e-flex e-con e-child\" data-id=\"ba3e3bb\" data-element_type=\"container\" data-e-type=\"container\" data-settings=\"{&quot;background_background&quot;:&quot;gradient&quot;}\">\n\t\t<div class=\"elementor-element elementor-element-7516e70 e-con-full e-flex e-con e-child\" data-id=\"7516e70\" data-element_type=\"container\" data-e-type=\"container\">\n\t\t\t\t<div class=\"elementor-element elementor-element-7123269 elementor-widget elementor-widget-image\" data-id=\"7123269\" data-element_type=\"widget\" data-e-type=\"widget\" data-widget_type=\"image.default\">\n\t\t\t\t<div class=\"elementor-widget-container\">\n\t\t\t\t\t\t\t\t\t\t\t\t\t\t\t<img decoding=\"async\" width=\"800\" height=\"533\" src=\"https:\/\/www.prognessa.com\/wp-content\/uploads\/2025\/07\/manazment-zmien-prognessa-solutions-1024x682.jpg\" class=\"attachment-large size-large wp-image-9568\" alt=\"\" srcset=\"https:\/\/www.prognessa.com\/wp-content\/uploads\/2025\/07\/manazment-zmien-prognessa-solutions-1024x682.jpg 1024w, https:\/\/www.prognessa.com\/wp-content\/uploads\/2025\/07\/manazment-zmien-prognessa-solutions-300x200.jpg 300w, https:\/\/www.prognessa.com\/wp-content\/uploads\/2025\/07\/manazment-zmien-prognessa-solutions-768x512.jpg 768w, https:\/\/www.prognessa.com\/wp-content\/uploads\/2025\/07\/manazment-zmien-prognessa-solutions-1536x1024.jpg 1536w, https:\/\/www.prognessa.com\/wp-content\/uploads\/2025\/07\/manazment-zmien-prognessa-solutions.jpg 2000w\" sizes=\"(max-width: 800px) 100vw, 800px\" \/>\t\t\t\t\t\t\t\t\t\t\t\t\t\t\t<\/div>\n\t\t\t\t<\/div>\n\t\t\t\t<\/div>\n\t\t<div class=\"elementor-element elementor-element-299bf39 e-con-full e-flex e-con e-child\" data-id=\"299bf39\" data-element_type=\"container\" data-e-type=\"container\">\n\t\t\t\t<div class=\"elementor-element elementor-element-b41c052 elementor-widget elementor-widget-text-editor\" data-id=\"b41c052\" data-element_type=\"widget\" data-e-type=\"widget\" data-widget_type=\"text-editor.default\">\n\t\t\t\t<div class=\"elementor-widget-container\">\n\t\t\t\t\t\t\t\t\t<p>Wir m\u00fcssen alle unsere Aktivit\u00e4ten an einen Markt anpassen, der sich sehr schnell ver\u00e4ndert. Sobald wir einen Prozess und ein System eingef\u00fchrt haben, m\u00fcssen wir es zum richtigen Zeitpunkt anpassen und auf den neuesten Stand bringen. <\/p>\t\t\t\t\t\t\t\t<\/div>\n\t\t\t\t<\/div>\n\t\t\t\t<\/div>\n\t\t\t\t<\/div>\n\t\t\t\t\t<\/div>\n\t\t\t\t<\/div>\n\t\t<div class=\"elementor-element elementor-element-d0a0a5e e-flex e-con-boxed e-con e-parent\" data-id=\"d0a0a5e\" data-element_type=\"container\" data-e-type=\"container\">\n\t\t\t\t\t<div class=\"e-con-inner\">\n\t\t<div class=\"elementor-element elementor-element-4eb989d e-con-full glass e-flex e-con e-child\" data-id=\"4eb989d\" data-element_type=\"container\" data-e-type=\"container\" data-settings=\"{&quot;background_background&quot;:&quot;gradient&quot;}\">\n\t\t<div class=\"elementor-element elementor-element-f41c8ad e-con-full e-flex e-con e-child\" data-id=\"f41c8ad\" data-element_type=\"container\" data-e-type=\"container\">\n\t\t\t\t<div class=\"elementor-element elementor-element-fbe87c8 elementor-widget elementor-widget-text-editor\" data-id=\"fbe87c8\" data-element_type=\"widget\" data-e-type=\"widget\" data-widget_type=\"text-editor.default\">\n\t\t\t\t<div class=\"elementor-widget-container\">\n\t\t\t\t\t\t\t\t\t<div id=\"text_block-358-3710\" class=\"ct-text-block content1-text\">Aber hier stellt sich ein weiteres Problem f\u00fcr Manager. Der Widerstand der Mitarbeiter ist in Zeiten des Wandels am deutlichsten. Aber Ver\u00e4nderungen sind notwendig f\u00fcr den Fortschritt. Sie fragen sich, wie Sie den Wandel so umsetzen k\u00f6nnen, dass nicht alle Vorbehalte Ihrer Mitarbeiter auf Ihren Schultern lasten?   <\/div><div id=\"text_block-361-3710\" class=\"ct-text-block content1-text\">Aber f\u00fcr viele Implementierungen gibt es Strategien, die diesen Widerstand verringern k\u00f6nnen. Wir sind bestrebt, unsere Partner bei der Umsetzung der Ver\u00e4nderungen zu unterst\u00fctzen, die sie sich f\u00fcr ihr Unternehmen w\u00fcnschen. Planen Sie sie und setzen Sie sie um, damit das Change Management so reibungslos wie m\u00f6glich verl\u00e4uft.  <\/div>\t\t\t\t\t\t\t\t<\/div>\n\t\t\t\t<\/div>\n\t\t\t\t<\/div>\n\t\t<div class=\"elementor-element elementor-element-45a5076 e-con-full e-flex e-con e-child\" data-id=\"45a5076\" data-element_type=\"container\" data-e-type=\"container\">\n\t\t\t\t<div class=\"elementor-element elementor-element-98340ad elementor-widget elementor-widget-image\" data-id=\"98340ad\" data-element_type=\"widget\" data-e-type=\"widget\" data-widget_type=\"image.default\">\n\t\t\t\t<div class=\"elementor-widget-container\">\n\t\t\t\t\t\t\t\t\t\t\t\t\t\t\t<img decoding=\"async\" width=\"800\" height=\"533\" src=\"https:\/\/www.prognessa.com\/wp-content\/uploads\/2025\/07\/manazment-zmien-prognessa-solutions-2-1024x682.jpg\" class=\"attachment-large size-large wp-image-9569\" alt=\"\" srcset=\"https:\/\/www.prognessa.com\/wp-content\/uploads\/2025\/07\/manazment-zmien-prognessa-solutions-2-1024x682.jpg 1024w, https:\/\/www.prognessa.com\/wp-content\/uploads\/2025\/07\/manazment-zmien-prognessa-solutions-2-300x200.jpg 300w, https:\/\/www.prognessa.com\/wp-content\/uploads\/2025\/07\/manazment-zmien-prognessa-solutions-2-768x512.jpg 768w, https:\/\/www.prognessa.com\/wp-content\/uploads\/2025\/07\/manazment-zmien-prognessa-solutions-2-1536x1024.jpg 1536w, https:\/\/www.prognessa.com\/wp-content\/uploads\/2025\/07\/manazment-zmien-prognessa-solutions-2.jpg 2000w\" sizes=\"(max-width: 800px) 100vw, 800px\" \/>\t\t\t\t\t\t\t\t\t\t\t\t\t\t\t<\/div>\n\t\t\t\t<\/div>\n\t\t\t\t<\/div>\n\t\t\t\t<\/div>\n\t\t\t\t\t<\/div>\n\t\t\t\t<\/div>\n\t\t<div class=\"elementor-element elementor-element-5e9d4cc e-flex e-con-boxed e-con e-parent\" data-id=\"5e9d4cc\" data-element_type=\"container\" data-e-type=\"container\">\n\t\t\t\t\t<div class=\"e-con-inner\">\n\t\t<div class=\"elementor-element elementor-element-8aad862 e-con-full e-flex e-con e-child\" data-id=\"8aad862\" data-element_type=\"container\" data-e-type=\"container\">\n\t\t\t\t<div class=\"elementor-element elementor-element-cc66ce3 elementor-widget elementor-widget-heading\" data-id=\"cc66ce3\" data-element_type=\"widget\" data-e-type=\"widget\" data-widget_type=\"heading.default\">\n\t\t\t\t<div class=\"elementor-widget-container\">\n\t\t\t\t\t<h2 class=\"elementor-heading-title elementor-size-default\">Die Menschen wollen keine Ver\u00e4nderung. Sie wollen, dass die Dinge besser funktionieren. Und das erfordert Ver\u00e4nderung.  <\/h2>\t\t\t\t<\/div>\n\t\t\t\t<\/div>\n\t\t\t\t<\/div>\n\t\t<div class=\"elementor-element elementor-element-a8851bd e-con-full glass e-flex e-con e-child\" data-id=\"a8851bd\" data-element_type=\"container\" data-e-type=\"container\" data-settings=\"{&quot;background_background&quot;:&quot;gradient&quot;}\">\n\t\t\t\t<div class=\"elementor-element elementor-element-c08af74 elementor-widget elementor-widget-heading\" data-id=\"c08af74\" data-element_type=\"widget\" data-e-type=\"widget\" data-widget_type=\"heading.default\">\n\t\t\t\t<div class=\"elementor-widget-container\">\n\t\t\t\t\t<h3 class=\"elementor-heading-title elementor-size-default\">Wie k\u00f6nnen Sie die Unzufriedenheit Ihrer Mitarbeiter verringern?<\/h3>\t\t\t\t<\/div>\n\t\t\t\t<\/div>\n\t\t\t\t<div class=\"elementor-element elementor-element-08e9d9c elementor-position-inline-start elementor-mobile-position-inline-start elementor-view-default elementor-widget elementor-widget-icon-box\" data-id=\"08e9d9c\" data-element_type=\"widget\" data-e-type=\"widget\" data-widget_type=\"icon-box.default\">\n\t\t\t\t<div class=\"elementor-widget-container\">\n\t\t\t\t\t\t\t<div class=\"elementor-icon-box-wrapper\">\n\n\t\t\t\t\t\t<div class=\"elementor-icon-box-icon\">\n\t\t\t\t<span  class=\"elementor-icon\">\n\t\t\t\t<i aria-hidden=\"true\" class=\"fas fa-check\"><\/i>\t\t\t\t<\/span>\n\t\t\t<\/div>\n\t\t\t\n\t\t\t\t\t\t<div class=\"elementor-icon-box-content\">\n\n\t\t\t\t\n\t\t\t\t\t\t\t\t\t<p class=\"elementor-icon-box-description\">\n\t\t\t\t\t\tSprechen Sie nicht nur dar\u00fcber, was Sie \u00e4ndern wollen, sondern auch dar\u00fcber, warum Sie es \u00e4ndern wollen.\t\t\t\t\t<\/p>\n\t\t\t\t\n\t\t\t<\/div>\n\t\t\t\n\t\t<\/div>\n\t\t\t\t\t\t<\/div>\n\t\t\t\t<\/div>\n\t\t\t\t<div class=\"elementor-element elementor-element-02e8c76 elementor-position-inline-start elementor-mobile-position-inline-start elementor-view-default elementor-widget elementor-widget-icon-box\" data-id=\"02e8c76\" data-element_type=\"widget\" data-e-type=\"widget\" data-widget_type=\"icon-box.default\">\n\t\t\t\t<div class=\"elementor-widget-container\">\n\t\t\t\t\t\t\t<div class=\"elementor-icon-box-wrapper\">\n\n\t\t\t\t\t\t<div class=\"elementor-icon-box-icon\">\n\t\t\t\t<span  class=\"elementor-icon\">\n\t\t\t\t<i aria-hidden=\"true\" class=\"fas fa-check\"><\/i>\t\t\t\t<\/span>\n\t\t\t<\/div>\n\t\t\t\n\t\t\t\t\t\t<div class=\"elementor-icon-box-content\">\n\n\t\t\t\t\n\t\t\t\t\t\t\t\t\t<p class=\"elementor-icon-box-description\">\n\t\t\t\t\t\tErkl\u00e4ren Sie den Mitarbeitern die positiven Auswirkungen der Ver\u00e4nderung\t\t\t\t\t<\/p>\n\t\t\t\t\n\t\t\t<\/div>\n\t\t\t\n\t\t<\/div>\n\t\t\t\t\t\t<\/div>\n\t\t\t\t<\/div>\n\t\t\t\t<div class=\"elementor-element elementor-element-1d095f0 elementor-position-inline-start elementor-mobile-position-inline-start elementor-view-default elementor-widget elementor-widget-icon-box\" data-id=\"1d095f0\" data-element_type=\"widget\" data-e-type=\"widget\" data-widget_type=\"icon-box.default\">\n\t\t\t\t<div class=\"elementor-widget-container\">\n\t\t\t\t\t\t\t<div class=\"elementor-icon-box-wrapper\">\n\n\t\t\t\t\t\t<div class=\"elementor-icon-box-icon\">\n\t\t\t\t<span  class=\"elementor-icon\">\n\t\t\t\t<i aria-hidden=\"true\" class=\"fas fa-check\"><\/i>\t\t\t\t<\/span>\n\t\t\t<\/div>\n\t\t\t\n\t\t\t\t\t\t<div class=\"elementor-icon-box-content\">\n\n\t\t\t\t\n\t\t\t\t\t\t\t\t\t<p class=\"elementor-icon-box-description\">\n\t\t\t\t\t\tZeigen Sie nicht nur auf, wie sich die Ver\u00e4nderung auf das gesamte Unternehmen auswirken wird, sondern auch, wie sich die Ver\u00e4nderung auf jeden einzelnen Mitarbeiter auswirken wird.\t\t\t\t\t<\/p>\n\t\t\t\t\n\t\t\t<\/div>\n\t\t\t\n\t\t<\/div>\n\t\t\t\t\t\t<\/div>\n\t\t\t\t<\/div>\n\t\t\t\t<div class=\"elementor-element elementor-element-4b9bf2d elementor-position-inline-start elementor-mobile-position-inline-start elementor-view-default elementor-widget elementor-widget-icon-box\" data-id=\"4b9bf2d\" data-element_type=\"widget\" data-e-type=\"widget\" data-widget_type=\"icon-box.default\">\n\t\t\t\t<div class=\"elementor-widget-container\">\n\t\t\t\t\t\t\t<div class=\"elementor-icon-box-wrapper\">\n\n\t\t\t\t\t\t<div class=\"elementor-icon-box-icon\">\n\t\t\t\t<span  class=\"elementor-icon\">\n\t\t\t\t<i aria-hidden=\"true\" class=\"fas fa-check\"><\/i>\t\t\t\t<\/span>\n\t\t\t<\/div>\n\t\t\t\n\t\t\t\t\t\t<div class=\"elementor-icon-box-content\">\n\n\t\t\t\t\n\t\t\t\t\t\t\t\t\t<p class=\"elementor-icon-box-description\">\n\t\t\t\t\t\tBegr\u00fcnden Sie die negativen Konsequenzen, wenn Sie die \u00c4nderung nicht vornehmen\t\t\t\t\t<\/p>\n\t\t\t\t\n\t\t\t<\/div>\n\t\t\t\n\t\t<\/div>\n\t\t\t\t\t\t<\/div>\n\t\t\t\t<\/div>\n\t\t\t\t<div class=\"elementor-element elementor-element-fe60c50 elementor-position-inline-start elementor-mobile-position-inline-start elementor-view-default elementor-widget elementor-widget-icon-box\" data-id=\"fe60c50\" data-element_type=\"widget\" data-e-type=\"widget\" data-widget_type=\"icon-box.default\">\n\t\t\t\t<div class=\"elementor-widget-container\">\n\t\t\t\t\t\t\t<div class=\"elementor-icon-box-wrapper\">\n\n\t\t\t\t\t\t<div class=\"elementor-icon-box-icon\">\n\t\t\t\t<span  class=\"elementor-icon\">\n\t\t\t\t<i aria-hidden=\"true\" class=\"fas fa-check\"><\/i>\t\t\t\t<\/span>\n\t\t\t<\/div>\n\t\t\t\n\t\t\t\t\t\t<div class=\"elementor-icon-box-content\">\n\n\t\t\t\t\n\t\t\t\t\t\t\t\t\t<p class=\"elementor-icon-box-description\">\n\t\t\t\t\t\tErmitteln Sie, welche Mitarbeiter am schlechtesten mit dem Wandel zurechtkommen und bieten Sie ihnen mehr Beratung an.\t\t\t\t\t<\/p>\n\t\t\t\t\n\t\t\t<\/div>\n\t\t\t\n\t\t<\/div>\n\t\t\t\t\t\t<\/div>\n\t\t\t\t<\/div>\n\t\t\t\t<\/div>\n\t\t\t\t\t<\/div>\n\t\t\t\t<\/div>\n\t\t<div class=\"elementor-element elementor-element-57bcccc e-grid e-con-boxed e-con e-parent\" data-id=\"57bcccc\" data-element_type=\"container\" data-e-type=\"container\">\n\t\t\t\t\t<div class=\"e-con-inner\">\n\t\t<div class=\"elementor-element elementor-element-9a7ecd2 e-flex e-con-boxed e-con e-child\" data-id=\"9a7ecd2\" data-element_type=\"container\" data-e-type=\"container\">\n\t\t\t\t\t<div class=\"e-con-inner\">\n\t\t\t\t<div class=\"elementor-element elementor-element-8b96e48 elementor-widget elementor-widget-video\" data-id=\"8b96e48\" data-element_type=\"widget\" data-e-type=\"widget\" data-settings=\"{&quot;youtube_url&quot;:&quot;https:\\\/\\\/www.youtube.com\\\/watch?v=oRY2KHfPn5Q&quot;,&quot;video_type&quot;:&quot;youtube&quot;,&quot;controls&quot;:&quot;yes&quot;}\" data-widget_type=\"video.default\">\n\t\t\t\t<div class=\"elementor-widget-container\">\n\t\t\t\t\t\t\t<div class=\"elementor-wrapper elementor-open-inline\">\n\t\t\t<div class=\"elementor-video\"><\/div>\t\t<\/div>\n\t\t\t\t\t\t<\/div>\n\t\t\t\t<\/div>\n\t\t\t\t\t<\/div>\n\t\t\t\t<\/div>\n\t\t<div class=\"elementor-element elementor-element-2b3d647 e-con-full e-flex e-con e-child\" data-id=\"2b3d647\" data-element_type=\"container\" data-e-type=\"container\">\n\t\t\t\t<div class=\"elementor-element elementor-element-259c530 elementor-widget elementor-widget-video\" data-id=\"259c530\" data-element_type=\"widget\" data-e-type=\"widget\" data-settings=\"{&quot;youtube_url&quot;:&quot;https:\\\/\\\/www.youtube.com\\\/watch?v=L-mU4wrlQGA&amp;embeds_referring_euri=https%3A%2F%2Fwww.prognessa.com%2F&amp;source_ve_path=Mjg2NjY&quot;,&quot;video_type&quot;:&quot;youtube&quot;,&quot;controls&quot;:&quot;yes&quot;}\" data-widget_type=\"video.default\">\n\t\t\t\t<div class=\"elementor-widget-container\">\n\t\t\t\t\t\t\t<div class=\"elementor-wrapper elementor-open-inline\">\n\t\t\t<div class=\"elementor-video\"><\/div>\t\t<\/div>\n\t\t\t\t\t\t<\/div>\n\t\t\t\t<\/div>\n\t\t\t\t<\/div>\n\t\t<div class=\"elementor-element elementor-element-bb66356 e-con-full e-flex e-con e-child\" data-id=\"bb66356\" data-element_type=\"container\" data-e-type=\"container\">\n\t\t\t\t<div class=\"elementor-element elementor-element-642865f elementor-widget elementor-widget-video\" data-id=\"642865f\" data-element_type=\"widget\" data-e-type=\"widget\" data-settings=\"{&quot;youtube_url&quot;:&quot;https:\\\/\\\/www.youtube.com\\\/watch?v=hBByODkkjWA&quot;,&quot;video_type&quot;:&quot;youtube&quot;,&quot;controls&quot;:&quot;yes&quot;}\" data-widget_type=\"video.default\">\n\t\t\t\t<div class=\"elementor-widget-container\">\n\t\t\t\t\t\t\t<div class=\"elementor-wrapper elementor-open-inline\">\n\t\t\t<div class=\"elementor-video\"><\/div>\t\t<\/div>\n\t\t\t\t\t\t<\/div>\n\t\t\t\t<\/div>\n\t\t\t\t<\/div>\n\t\t\t\t\t<\/div>\n\t\t\t\t<\/div>\n\t\t<div class=\"elementor-element elementor-element-d4c4589 e-flex e-con-boxed e-con e-parent\" data-id=\"d4c4589\" data-element_type=\"container\" data-e-type=\"container\">\n\t\t\t\t\t<div class=\"e-con-inner\">\n\t\t<div class=\"elementor-element elementor-element-1042d0f e-con-full glass e-flex e-con e-child\" data-id=\"1042d0f\" data-element_type=\"container\" data-e-type=\"container\" data-settings=\"{&quot;background_background&quot;:&quot;gradient&quot;}\">\n\t\t<div class=\"elementor-element elementor-element-30fa8fe e-con-full e-flex e-con e-child\" data-id=\"30fa8fe\" data-element_type=\"container\" data-e-type=\"container\">\n\t\t\t\t<div class=\"elementor-element elementor-element-ea898b9 elementor-widget elementor-widget-heading\" data-id=\"ea898b9\" data-element_type=\"widget\" data-e-type=\"widget\" data-widget_type=\"heading.default\">\n\t\t\t\t<div class=\"elementor-widget-container\">\n\t\t\t\t\t<h2 class=\"elementor-heading-title elementor-size-default\">Setzen wir uns auf einen Kaffee zusammen<\/h2>\t\t\t\t<\/div>\n\t\t\t\t<\/div>\n\t\t<div class=\"elementor-element elementor-element-a11da6f e-con-full e-flex e-con e-child\" data-id=\"a11da6f\" data-element_type=\"container\" data-e-type=\"container\">\n\t\t\t\t<div class=\"elementor-element elementor-element-d11f573 elementor-align-right glow-button-gold elementor-widget elementor-widget-button\" data-id=\"d11f573\" data-element_type=\"widget\" data-e-type=\"widget\" data-widget_type=\"button.default\">\n\t\t\t\t<div class=\"elementor-widget-container\">\n\t\t\t\t\t\t\t\t\t<div class=\"elementor-button-wrapper\">\n\t\t\t\t\t<a class=\"elementor-button elementor-button-link elementor-size-md\" href=\"#\">\n\t\t\t\t\t\t<span class=\"elementor-button-content-wrapper\">\n\t\t\t\t\t\t\t\t\t<span class=\"elementor-button-text\">0902 126 561<\/span>\n\t\t\t\t\t<\/span>\n\t\t\t\t\t<\/a>\n\t\t\t\t<\/div>\n\t\t\t\t\t\t\t\t<\/div>\n\t\t\t\t<\/div>\n\t\t\t\t<div class=\"elementor-element elementor-element-3b7b8e9 elementor-align-right glow-button-gold elementor-widget elementor-widget-button\" data-id=\"3b7b8e9\" data-element_type=\"widget\" data-e-type=\"widget\" data-widget_type=\"button.default\">\n\t\t\t\t<div class=\"elementor-widget-container\">\n\t\t\t\t\t\t\t\t\t<div class=\"elementor-button-wrapper\">\n\t\t\t\t\t<a class=\"elementor-button elementor-button-link elementor-size-md\" href=\"#\">\n\t\t\t\t\t\t<span class=\"elementor-button-content-wrapper\">\n\t\t\t\t\t\t\t\t\t<span class=\"elementor-button-text\">info@prognessa.com<\/span>\n\t\t\t\t\t<\/span>\n\t\t\t\t\t<\/a>\n\t\t\t\t<\/div>\n\t\t\t\t\t\t\t\t<\/div>\n\t\t\t\t<\/div>\n\t\t\t\t<\/div>\n\t\t\t\t<\/div>\n\t\t<div class=\"elementor-element elementor-element-cbd6e24 e-con-full e-flex e-con e-child\" data-id=\"cbd6e24\" data-element_type=\"container\" data-e-type=\"container\">\n\t\t\t\t<div class=\"elementor-element elementor-element-6f58ad3 elementor-widget elementor-widget-image\" data-id=\"6f58ad3\" data-element_type=\"widget\" data-e-type=\"widget\" data-widget_type=\"image.default\">\n\t\t\t\t<div class=\"elementor-widget-container\">\n\t\t\t\t\t\t\t\t\t\t\t\t\t\t\t<img loading=\"lazy\" decoding=\"async\" width=\"800\" height=\"919\" src=\"https:\/\/www.prognessa.com\/wp-content\/uploads\/2025\/06\/csurovci-891x1024.png\" class=\"attachment-large size-large wp-image-9589\" alt=\"\" srcset=\"https:\/\/www.prognessa.com\/wp-content\/uploads\/2025\/06\/csurovci-891x1024.png 891w, https:\/\/www.prognessa.com\/wp-content\/uploads\/2025\/06\/csurovci-261x300.png 261w, https:\/\/www.prognessa.com\/wp-content\/uploads\/2025\/06\/csurovci-768x883.png 768w, https:\/\/www.prognessa.com\/wp-content\/uploads\/2025\/06\/csurovci.png 1286w\" sizes=\"(max-width: 800px) 100vw, 800px\" \/>\t\t\t\t\t\t\t\t\t\t\t\t\t\t\t<\/div>\n\t\t\t\t<\/div>\n\t\t\t\t<\/div>\n\t\t\t\t<\/div>\n\t\t\t\t\t<\/div>\n\t\t\t\t<\/div>\n\t\t\t\t<\/div>\n\t\t","protected":false},"excerpt":{"rendered":"<p>Management \u00c4nderungen Change Management ist vergleichbar mit dem Steuern eines Schiffes, das auf einen bestimmten Kurs gebracht wurde. Sobald wir alle Systeme und Prozesse im Unternehmen so eingerichtet haben, dass sie ordnungsgem\u00e4\u00df funktionieren, k\u00f6nnen wir dar\u00fcber nachdenken, was der n\u00e4chste Schritt nach vorne sein wird. Ich bin interessiert Wir m\u00fcssen alle unsere Aktivit\u00e4ten an einen [&hellip;]<\/p>\n","protected":false},"author":1,"featured_media":0,"parent":9482,"menu_order":0,"comment_status":"closed","ping_status":"closed","template":"elementor_header_footer","meta":{"_acf_changed":false,"inline_featured_image":false,"footnotes":""},"class_list":["post-9565","page","type-page","status-publish","hentry"],"acf":[],"_links":{"self":[{"href":"https:\/\/www.prognessa.com\/de\/wp-json\/wp\/v2\/pages\/9565","targetHints":{"allow":["GET"]}}],"collection":[{"href":"https:\/\/www.prognessa.com\/de\/wp-json\/wp\/v2\/pages"}],"about":[{"href":"https:\/\/www.prognessa.com\/de\/wp-json\/wp\/v2\/types\/page"}],"author":[{"embeddable":true,"href":"https:\/\/www.prognessa.com\/de\/wp-json\/wp\/v2\/users\/1"}],"replies":[{"embeddable":true,"href":"https:\/\/www.prognessa.com\/de\/wp-json\/wp\/v2\/comments?post=9565"}],"version-history":[{"count":2,"href":"https:\/\/www.prognessa.com\/de\/wp-json\/wp\/v2\/pages\/9565\/revisions"}],"predecessor-version":[{"id":9644,"href":"https:\/\/www.prognessa.com\/de\/wp-json\/wp\/v2\/pages\/9565\/revisions\/9644"}],"up":[{"embeddable":true,"href":"https:\/\/www.prognessa.com\/de\/wp-json\/wp\/v2\/pages\/9482"}],"wp:attachment":[{"href":"https:\/\/www.prognessa.com\/de\/wp-json\/wp\/v2\/media?parent=9565"}],"curies":[{"name":"wp","href":"https:\/\/api.w.org\/{rel}","templated":true}]}}