{"id":9580,"date":"2025-06-23T14:17:49","date_gmt":"2025-06-23T12:17:49","guid":{"rendered":"https:\/\/www.prognessa.com\/loesungen\/prozess-analyse\/"},"modified":"2025-11-25T11:21:20","modified_gmt":"2025-11-25T10:21:20","slug":"prozess-analyse","status":"publish","type":"page","link":"https:\/\/www.prognessa.com\/de\/loesungen\/prozess-analyse\/","title":{"rendered":"Prozess-Analyse"},"content":{"rendered":"\t\t<div data-elementor-type=\"wp-page\" data-elementor-id=\"9580\" class=\"elementor elementor-9580 elementor-795\" data-elementor-post-type=\"page\">\n\t\t\t\t<div class=\"elementor-element elementor-element-4cb2704 e-flex e-con-boxed e-con e-parent\" data-id=\"4cb2704\" data-element_type=\"container\" data-e-type=\"container\" data-settings=\"{&quot;background_background&quot;:&quot;classic&quot;}\">\n\t\t\t\t\t<div class=\"e-con-inner\">\n\t\t<div class=\"elementor-element elementor-element-e1cf55e e-con-full e-flex e-con e-child\" data-id=\"e1cf55e\" data-element_type=\"container\" data-e-type=\"container\">\n\t\t\t\t<div class=\"elementor-element elementor-element-fc96dea elementor-widget elementor-widget-heading\" data-id=\"fc96dea\" data-element_type=\"widget\" data-e-type=\"widget\" data-widget_type=\"heading.default\">\n\t\t\t\t<div class=\"elementor-widget-container\">\n\t\t\t\t\t<h1 class=\"elementor-heading-title elementor-size-default\"><span class=\"text-stroke\">Prozess<\/span> <br> Analyse<\/h1>\t\t\t\t<\/div>\n\t\t\t\t<\/div>\n\t\t\t\t<div class=\"elementor-element elementor-element-35404c5 elementor-widget elementor-widget-text-editor\" data-id=\"35404c5\" data-element_type=\"widget\" data-e-type=\"widget\" data-widget_type=\"text-editor.default\">\n\t\t\t\t<div class=\"elementor-widget-container\">\n\t\t\t\t\t\t\t\t\t<p>Prozesse sind das R\u00fcckgrat eines jeden Unternehmens. Lassen Sie uns damit beginnen, Ihre Systeme gemeinsam zu entwerfen und aufzubauen, damit sich eine bessere Gesch\u00e4ftsleistung in der Wirtschaftlichkeit des Unternehmens niederschl\u00e4gt und wichtige Mitarbeiter entlastet werden. <\/p>\t\t\t\t\t\t\t\t<\/div>\n\t\t\t\t<\/div>\n\t\t<div class=\"elementor-element elementor-element-b82a9ee e-con-full e-flex e-con e-child\" data-id=\"b82a9ee\" data-element_type=\"container\" data-e-type=\"container\">\n\t\t\t\t<div class=\"elementor-element elementor-element-db5c2ca elementor-align-right glow-button-gold elementor-widget elementor-widget-button\" data-id=\"db5c2ca\" data-element_type=\"widget\" data-e-type=\"widget\" data-widget_type=\"button.default\">\n\t\t\t\t<div class=\"elementor-widget-container\">\n\t\t\t\t\t\t\t\t\t<div class=\"elementor-button-wrapper\">\n\t\t\t\t\t<a class=\"elementor-button elementor-button-link elementor-size-md\" href=\"https:\/\/www.prognessa.com\/de\/kontakt\/\">\n\t\t\t\t\t\t<span class=\"elementor-button-content-wrapper\">\n\t\t\t\t\t\t\t\t\t<span class=\"elementor-button-text\">Ich bin interessiert<\/span>\n\t\t\t\t\t<\/span>\n\t\t\t\t\t<\/a>\n\t\t\t\t<\/div>\n\t\t\t\t\t\t\t\t<\/div>\n\t\t\t\t<\/div>\n\t\t\t\t<\/div>\n\t\t\t\t<\/div>\n\t\t<div class=\"elementor-element elementor-element-31b066a e-con-full e-flex e-con e-child\" data-id=\"31b066a\" data-element_type=\"container\" data-e-type=\"container\">\n\t\t\t\t<div class=\"elementor-element elementor-element-baaa32a elementor-hidden-mobile elementor-widget elementor-widget-image\" data-id=\"baaa32a\" data-element_type=\"widget\" data-e-type=\"widget\" data-widget_type=\"image.default\">\n\t\t\t\t<div class=\"elementor-widget-container\">\n\t\t\t\t\t\t\t\t\t\t\t\t\t\t\t<img fetchpriority=\"high\" decoding=\"async\" width=\"800\" height=\"800\" src=\"https:\/\/www.prognessa.com\/wp-content\/uploads\/2025\/07\/procesna-analyza.png\" class=\"attachment-large size-large wp-image-9583\" alt=\"\" srcset=\"https:\/\/www.prognessa.com\/wp-content\/uploads\/2025\/07\/procesna-analyza.png 1024w, https:\/\/www.prognessa.com\/wp-content\/uploads\/2025\/07\/procesna-analyza-300x300.png 300w, https:\/\/www.prognessa.com\/wp-content\/uploads\/2025\/07\/procesna-analyza-150x150.png 150w, https:\/\/www.prognessa.com\/wp-content\/uploads\/2025\/07\/procesna-analyza-768x768.png 768w\" sizes=\"(max-width: 800px) 100vw, 800px\" \/>\t\t\t\t\t\t\t\t\t\t\t\t\t\t\t<\/div>\n\t\t\t\t<\/div>\n\t\t\t\t<\/div>\n\t\t\t\t\t<\/div>\n\t\t\t\t<\/div>\n\t\t<div class=\"elementor-element elementor-element-b69efb1 e-flex e-con-boxed e-con e-parent\" data-id=\"b69efb1\" data-element_type=\"container\" data-e-type=\"container\">\n\t\t\t\t\t<div class=\"e-con-inner\">\n\t\t<div class=\"elementor-element elementor-element-cc7e5d7 e-con-full glass e-flex e-con e-child\" data-id=\"cc7e5d7\" data-element_type=\"container\" data-e-type=\"container\" data-settings=\"{&quot;background_background&quot;:&quot;gradient&quot;}\">\n\t\t<div class=\"elementor-element elementor-element-2e22b6a e-con-full e-flex e-con e-child\" data-id=\"2e22b6a\" data-element_type=\"container\" data-e-type=\"container\">\n\t\t\t\t<div class=\"elementor-element elementor-element-dadd8c0 elementor-widget elementor-widget-image\" data-id=\"dadd8c0\" data-element_type=\"widget\" data-e-type=\"widget\" data-widget_type=\"image.default\">\n\t\t\t\t<div class=\"elementor-widget-container\">\n\t\t\t\t\t\t\t\t\t\t\t\t\t\t\t<img decoding=\"async\" width=\"800\" height=\"534\" src=\"https:\/\/www.prognessa.com\/wp-content\/uploads\/2025\/07\/procesna-analyza-prognessa-solutions-1024x683.jpg\" class=\"attachment-large size-large wp-image-9584\" alt=\"\" srcset=\"https:\/\/www.prognessa.com\/wp-content\/uploads\/2025\/07\/procesna-analyza-prognessa-solutions-1024x683.jpg 1024w, https:\/\/www.prognessa.com\/wp-content\/uploads\/2025\/07\/procesna-analyza-prognessa-solutions-300x200.jpg 300w, https:\/\/www.prognessa.com\/wp-content\/uploads\/2025\/07\/procesna-analyza-prognessa-solutions-768x512.jpg 768w, https:\/\/www.prognessa.com\/wp-content\/uploads\/2025\/07\/procesna-analyza-prognessa-solutions-1536x1025.jpg 1536w, https:\/\/www.prognessa.com\/wp-content\/uploads\/2025\/07\/procesna-analyza-prognessa-solutions.jpg 2000w\" sizes=\"(max-width: 800px) 100vw, 800px\" \/>\t\t\t\t\t\t\t\t\t\t\t\t\t\t\t<\/div>\n\t\t\t\t<\/div>\n\t\t\t\t<\/div>\n\t\t<div class=\"elementor-element elementor-element-c380e93 e-con-full e-flex e-con e-child\" data-id=\"c380e93\" data-element_type=\"container\" data-e-type=\"container\">\n\t\t\t\t<div class=\"elementor-element elementor-element-ca01361 elementor-widget elementor-widget-text-editor\" data-id=\"ca01361\" data-element_type=\"widget\" data-e-type=\"widget\" data-widget_type=\"text-editor.default\">\n\t\t\t\t<div class=\"elementor-widget-container\">\n\t\t\t\t\t\t\t\t\t<p>Ein gut durchdachtes System ist die Grundlage f\u00fcr ein gut funktionierendes Unternehmen. Schlie\u00dflich ist ein Unternehmen eine Ansammlung von systematischen Prozessen, die in kleinere Prozesse, Unterprozesse, Unter-Unterprozesse von Unterprozessen usw. zerfallen. <\/p>\t\t\t\t\t\t\t\t<\/div>\n\t\t\t\t<\/div>\n\t\t\t\t<\/div>\n\t\t\t\t<\/div>\n\t\t\t\t\t<\/div>\n\t\t\t\t<\/div>\n\t\t<div class=\"elementor-element elementor-element-26178dc e-flex e-con-boxed e-con e-parent\" data-id=\"26178dc\" data-element_type=\"container\" data-e-type=\"container\">\n\t\t\t\t\t<div class=\"e-con-inner\">\n\t\t<div class=\"elementor-element elementor-element-25528d0 e-con-full e-flex e-con e-child\" data-id=\"25528d0\" data-element_type=\"container\" data-e-type=\"container\">\n\t\t\t\t<div class=\"elementor-element elementor-element-f4d72be elementor-widget elementor-widget-heading\" data-id=\"f4d72be\" data-element_type=\"widget\" data-e-type=\"widget\" data-widget_type=\"heading.default\">\n\t\t\t\t<div class=\"elementor-widget-container\">\n\t\t\t\t\t<h2 class=\"elementor-heading-title elementor-size-default\">Der Anf\u00fchrer kann nur an einem Ort sein, aber das System kann \u00fcberall sein.<\/h2>\t\t\t\t<\/div>\n\t\t\t\t<\/div>\n\t\t\t\t<\/div>\n\t\t<div class=\"elementor-element elementor-element-135dfd8 e-con-full glass e-flex e-con e-child\" data-id=\"135dfd8\" data-element_type=\"container\" data-e-type=\"container\" data-settings=\"{&quot;background_background&quot;:&quot;gradient&quot;}\">\n\t\t\t\t<div class=\"elementor-element elementor-element-047de9c elementor-widget elementor-widget-heading\" data-id=\"047de9c\" data-element_type=\"widget\" data-e-type=\"widget\" data-widget_type=\"heading.default\">\n\t\t\t\t<div class=\"elementor-widget-container\">\n\t\t\t\t\t<h3 class=\"elementor-heading-title elementor-size-default\">Welche Zahlen sollte ein gutes Gesch\u00e4ftsmodell enthalten?<\/h3>\t\t\t\t<\/div>\n\t\t\t\t<\/div>\n\t\t\t\t<div class=\"elementor-element elementor-element-3c0447a elementor-widget elementor-widget-text-editor\" data-id=\"3c0447a\" data-element_type=\"widget\" data-e-type=\"widget\" data-widget_type=\"text-editor.default\">\n\t\t\t\t<div class=\"elementor-widget-container\">\n\t\t\t\t\t\t\t\t\t<p>Anhand des Systems k\u00f6nnen wir auch sehen, wo es Fehler und L\u00fccken gibt, die behoben werden m\u00fcssen. Oftmals gehen Manager dem nicht nach, nicht weil sie keine Zeit haben, sondern weil sie nicht \u00fcber das System verf\u00fcgen. <br><br>Wenn sie im Unternehmen oder sogar bei ihrer eigenen Arbeit keine Systeme eingerichtet haben, fehlt ihnen Zeit, weil sie diese nicht effizient nutzen und sie dort verbringen, wo sie sie nicht brauchen.<\/p>\t\t\t\t\t\t\t\t<\/div>\n\t\t\t\t<\/div>\n\t\t\t\t<\/div>\n\t\t\t\t\t<\/div>\n\t\t\t\t<\/div>\n\t\t<div class=\"elementor-element elementor-element-c602cc8 e-flex e-con-boxed e-con e-parent\" data-id=\"c602cc8\" data-element_type=\"container\" data-e-type=\"container\">\n\t\t\t\t\t<div class=\"e-con-inner\">\n\t\t<div class=\"elementor-element elementor-element-b4f6103 e-con-full glass e-flex e-con e-child\" data-id=\"b4f6103\" data-element_type=\"container\" data-e-type=\"container\" data-settings=\"{&quot;background_background&quot;:&quot;gradient&quot;}\">\n\t\t<div class=\"elementor-element elementor-element-1994cad e-con-full e-flex e-con e-child\" data-id=\"1994cad\" data-element_type=\"container\" data-e-type=\"container\">\n\t\t\t\t<div class=\"elementor-element elementor-element-742967b elementor-widget elementor-widget-text-editor\" data-id=\"742967b\" data-element_type=\"widget\" data-e-type=\"widget\" data-widget_type=\"text-editor.default\">\n\t\t\t\t<div class=\"elementor-widget-container\">\n\t\t\t\t\t\t\t\t\t<div id=\"text_block-358-3710\" class=\"ct-text-block content1-text\">Dann k\u00f6nnen Sie Ihre Zeit nutzen, um die Zukunft des Unternehmens zu planen. Wenn Sie nicht genug Zeit haben, um sich auf die Zukunft vorzubereiten, bleiben Sie stecken. Sie befinden sich in einem Teufelskreis operativer Aktivit\u00e4ten und das ganze Unternehmen stagniert mit Ihnen.  <\/div><div id=\"text_block-361-3710\" class=\"ct-text-block content1-text\">Und dieser Stillstand ist sehr gef\u00e4hrlich, denn wenn Sie stillstehen, schaffen Sie Raum f\u00fcr die Konkurrenz, um Sie zu \u00fcberholen.<\/div>\t\t\t\t\t\t\t\t<\/div>\n\t\t\t\t<\/div>\n\t\t\t\t<\/div>\n\t\t<div class=\"elementor-element elementor-element-4acb147 e-con-full e-flex e-con e-child\" data-id=\"4acb147\" data-element_type=\"container\" data-e-type=\"container\">\n\t\t\t\t<div class=\"elementor-element elementor-element-f1554e9 elementor-widget elementor-widget-image\" data-id=\"f1554e9\" data-element_type=\"widget\" data-e-type=\"widget\" data-widget_type=\"image.default\">\n\t\t\t\t<div class=\"elementor-widget-container\">\n\t\t\t\t\t\t\t\t\t\t\t\t\t\t\t<img decoding=\"async\" width=\"800\" height=\"533\" src=\"https:\/\/www.prognessa.com\/wp-content\/uploads\/2025\/07\/procesna-analyza-prognessa-solutions-2-1024x682.jpg\" class=\"attachment-large size-large wp-image-9585\" alt=\"\" srcset=\"https:\/\/www.prognessa.com\/wp-content\/uploads\/2025\/07\/procesna-analyza-prognessa-solutions-2-1024x682.jpg 1024w, https:\/\/www.prognessa.com\/wp-content\/uploads\/2025\/07\/procesna-analyza-prognessa-solutions-2-300x200.jpg 300w, https:\/\/www.prognessa.com\/wp-content\/uploads\/2025\/07\/procesna-analyza-prognessa-solutions-2-768x512.jpg 768w, https:\/\/www.prognessa.com\/wp-content\/uploads\/2025\/07\/procesna-analyza-prognessa-solutions-2-1536x1024.jpg 1536w, https:\/\/www.prognessa.com\/wp-content\/uploads\/2025\/07\/procesna-analyza-prognessa-solutions-2.jpg 2000w\" sizes=\"(max-width: 800px) 100vw, 800px\" \/>\t\t\t\t\t\t\t\t\t\t\t\t\t\t\t<\/div>\n\t\t\t\t<\/div>\n\t\t\t\t<\/div>\n\t\t\t\t<\/div>\n\t\t\t\t\t<\/div>\n\t\t\t\t<\/div>\n\t\t<div class=\"elementor-element elementor-element-75305b7 e-grid e-con-boxed e-con e-parent\" data-id=\"75305b7\" data-element_type=\"container\" data-e-type=\"container\">\n\t\t\t\t\t<div class=\"e-con-inner\">\n\t\t<div class=\"elementor-element elementor-element-d417fb9 e-flex e-con-boxed e-con e-child\" data-id=\"d417fb9\" data-element_type=\"container\" data-e-type=\"container\">\n\t\t\t\t\t<div class=\"e-con-inner\">\n\t\t\t\t<div class=\"elementor-element elementor-element-be3dae3 elementor-widget elementor-widget-video\" data-id=\"be3dae3\" data-element_type=\"widget\" data-e-type=\"widget\" data-settings=\"{&quot;youtube_url&quot;:&quot;https:\\\/\\\/www.youtube.com\\\/watch?v=L-mU4wrlQGA&quot;,&quot;video_type&quot;:&quot;youtube&quot;,&quot;controls&quot;:&quot;yes&quot;}\" data-widget_type=\"video.default\">\n\t\t\t\t<div class=\"elementor-widget-container\">\n\t\t\t\t\t\t\t<div class=\"elementor-wrapper elementor-open-inline\">\n\t\t\t<div class=\"elementor-video\"><\/div>\t\t<\/div>\n\t\t\t\t\t\t<\/div>\n\t\t\t\t<\/div>\n\t\t\t\t\t<\/div>\n\t\t\t\t<\/div>\n\t\t<div class=\"elementor-element elementor-element-6708fa1 e-con-full e-flex e-con e-child\" data-id=\"6708fa1\" data-element_type=\"container\" data-e-type=\"container\">\n\t\t\t\t<div class=\"elementor-element elementor-element-b2040ad elementor-widget elementor-widget-video\" data-id=\"b2040ad\" data-element_type=\"widget\" data-e-type=\"widget\" data-settings=\"{&quot;youtube_url&quot;:&quot;https:\\\/\\\/www.youtube.com\\\/watch?v=hBByODkkjWA&quot;,&quot;video_type&quot;:&quot;youtube&quot;,&quot;controls&quot;:&quot;yes&quot;}\" data-widget_type=\"video.default\">\n\t\t\t\t<div class=\"elementor-widget-container\">\n\t\t\t\t\t\t\t<div class=\"elementor-wrapper elementor-open-inline\">\n\t\t\t<div class=\"elementor-video\"><\/div>\t\t<\/div>\n\t\t\t\t\t\t<\/div>\n\t\t\t\t<\/div>\n\t\t\t\t<\/div>\n\t\t<div class=\"elementor-element elementor-element-e9442a7 e-con-full e-flex e-con e-child\" data-id=\"e9442a7\" data-element_type=\"container\" data-e-type=\"container\">\n\t\t\t\t<div class=\"elementor-element elementor-element-c592073 elementor-widget elementor-widget-video\" data-id=\"c592073\" data-element_type=\"widget\" data-e-type=\"widget\" data-settings=\"{&quot;youtube_url&quot;:&quot;https:\\\/\\\/www.youtube.com\\\/watch?v=cWclr-sx958&amp;embeds_referring_euri=https%3A%2F%2Fwww.prognessa.com%2F&amp;source_ve_path=Mjg2NjY&quot;,&quot;video_type&quot;:&quot;youtube&quot;,&quot;controls&quot;:&quot;yes&quot;}\" data-widget_type=\"video.default\">\n\t\t\t\t<div class=\"elementor-widget-container\">\n\t\t\t\t\t\t\t<div class=\"elementor-wrapper elementor-open-inline\">\n\t\t\t<div class=\"elementor-video\"><\/div>\t\t<\/div>\n\t\t\t\t\t\t<\/div>\n\t\t\t\t<\/div>\n\t\t\t\t<\/div>\n\t\t\t\t\t<\/div>\n\t\t\t\t<\/div>\n\t\t<div class=\"elementor-element elementor-element-896d89e e-grid e-con-boxed e-con e-parent\" data-id=\"896d89e\" data-element_type=\"container\" data-e-type=\"container\">\n\t\t\t\t\t<div class=\"e-con-inner\">\n\t\t<div class=\"elementor-element elementor-element-75910ac e-flex e-con-boxed e-con e-child\" data-id=\"75910ac\" data-element_type=\"container\" data-e-type=\"container\">\n\t\t\t\t\t<div class=\"e-con-inner\">\n\t\t\t\t<div class=\"elementor-element elementor-element-c8cdac6 elementor-widget elementor-widget-video\" data-id=\"c8cdac6\" data-element_type=\"widget\" data-e-type=\"widget\" data-settings=\"{&quot;youtube_url&quot;:&quot;https:\\\/\\\/www.youtube.com\\\/watch?v=L-mU4wrlQGA&quot;,&quot;video_type&quot;:&quot;youtube&quot;,&quot;controls&quot;:&quot;yes&quot;}\" data-widget_type=\"video.default\">\n\t\t\t\t<div class=\"elementor-widget-container\">\n\t\t\t\t\t\t\t<div class=\"elementor-wrapper elementor-open-inline\">\n\t\t\t<div class=\"elementor-video\"><\/div>\t\t<\/div>\n\t\t\t\t\t\t<\/div>\n\t\t\t\t<\/div>\n\t\t\t\t\t<\/div>\n\t\t\t\t<\/div>\n\t\t<div class=\"elementor-element elementor-element-1ea02d4 e-con-full e-flex e-con e-child\" data-id=\"1ea02d4\" data-element_type=\"container\" data-e-type=\"container\">\n\t\t\t\t<div class=\"elementor-element elementor-element-ff14ec5 elementor-widget elementor-widget-video\" data-id=\"ff14ec5\" data-element_type=\"widget\" data-e-type=\"widget\" data-settings=\"{&quot;youtube_url&quot;:&quot;https:\\\/\\\/www.youtube.com\\\/watch?v=hBByODkkjWA&quot;,&quot;video_type&quot;:&quot;youtube&quot;,&quot;controls&quot;:&quot;yes&quot;}\" data-widget_type=\"video.default\">\n\t\t\t\t<div class=\"elementor-widget-container\">\n\t\t\t\t\t\t\t<div class=\"elementor-wrapper elementor-open-inline\">\n\t\t\t<div class=\"elementor-video\"><\/div>\t\t<\/div>\n\t\t\t\t\t\t<\/div>\n\t\t\t\t<\/div>\n\t\t\t\t<\/div>\n\t\t<div class=\"elementor-element elementor-element-50d8036 e-con-full e-flex e-con e-child\" data-id=\"50d8036\" data-element_type=\"container\" data-e-type=\"container\">\n\t\t\t\t<div class=\"elementor-element elementor-element-dfdd3ce elementor-widget elementor-widget-video\" data-id=\"dfdd3ce\" data-element_type=\"widget\" data-e-type=\"widget\" data-settings=\"{&quot;youtube_url&quot;:&quot;https:\\\/\\\/www.youtube.com\\\/watch?v=cWclr-sx958&amp;embeds_referring_euri=https%3A%2F%2Fwww.prognessa.com%2F&amp;source_ve_path=Mjg2NjY&quot;,&quot;video_type&quot;:&quot;youtube&quot;,&quot;controls&quot;:&quot;yes&quot;}\" data-widget_type=\"video.default\">\n\t\t\t\t<div class=\"elementor-widget-container\">\n\t\t\t\t\t\t\t<div class=\"elementor-wrapper elementor-open-inline\">\n\t\t\t<div class=\"elementor-video\"><\/div>\t\t<\/div>\n\t\t\t\t\t\t<\/div>\n\t\t\t\t<\/div>\n\t\t\t\t<\/div>\n\t\t\t\t\t<\/div>\n\t\t\t\t<\/div>\n\t\t<div class=\"elementor-element elementor-element-4fd81b3 e-flex e-con-boxed e-con e-parent\" data-id=\"4fd81b3\" data-element_type=\"container\" data-e-type=\"container\">\n\t\t\t\t\t<div class=\"e-con-inner\">\n\t\t\t\t<div class=\"elementor-element elementor-element-52bcf41 elementor-align-center glow-button-gold elementor-widget elementor-widget-button\" data-id=\"52bcf41\" data-element_type=\"widget\" data-e-type=\"widget\" data-widget_type=\"button.default\">\n\t\t\t\t<div class=\"elementor-widget-container\">\n\t\t\t\t\t\t\t\t\t<div class=\"elementor-button-wrapper\">\n\t\t\t\t\t<a class=\"elementor-button elementor-button-link elementor-size-md\" href=\"https:\/\/www.youtube.com\/playlist?list=PLzvOzpYqJJncCFnCiKdU4dALdcYAy3kwo\" target=\"_blank\" rel=\"noopener\">\n\t\t\t\t\t\t<span class=\"elementor-button-content-wrapper\">\n\t\t\t\t\t\t\t\t\t<span class=\"elementor-button-text\">Mehr Videos<\/span>\n\t\t\t\t\t<\/span>\n\t\t\t\t\t<\/a>\n\t\t\t\t<\/div>\n\t\t\t\t\t\t\t\t<\/div>\n\t\t\t\t<\/div>\n\t\t\t\t\t<\/div>\n\t\t\t\t<\/div>\n\t\t<div class=\"elementor-element elementor-element-a4ceb6c e-flex e-con-boxed e-con e-parent\" data-id=\"a4ceb6c\" data-element_type=\"container\" data-e-type=\"container\">\n\t\t\t\t\t<div class=\"e-con-inner\">\n\t\t<div class=\"elementor-element elementor-element-dc7969c e-con-full glass e-flex e-con e-child\" data-id=\"dc7969c\" data-element_type=\"container\" data-e-type=\"container\" data-settings=\"{&quot;background_background&quot;:&quot;gradient&quot;}\">\n\t\t<div class=\"elementor-element elementor-element-32445a9 e-con-full e-flex e-con e-child\" data-id=\"32445a9\" data-element_type=\"container\" data-e-type=\"container\">\n\t\t\t\t<div class=\"elementor-element elementor-element-5992a36 elementor-widget elementor-widget-heading\" data-id=\"5992a36\" data-element_type=\"widget\" data-e-type=\"widget\" data-widget_type=\"heading.default\">\n\t\t\t\t<div class=\"elementor-widget-container\">\n\t\t\t\t\t<h2 class=\"elementor-heading-title elementor-size-default\">Setzen wir uns auf einen Kaffee zusammen<\/h2>\t\t\t\t<\/div>\n\t\t\t\t<\/div>\n\t\t<div class=\"elementor-element elementor-element-c68b075 e-con-full e-flex e-con e-child\" data-id=\"c68b075\" data-element_type=\"container\" data-e-type=\"container\">\n\t\t\t\t<div class=\"elementor-element elementor-element-0480c53 elementor-align-right glow-button-gold elementor-widget elementor-widget-button\" data-id=\"0480c53\" data-element_type=\"widget\" data-e-type=\"widget\" data-widget_type=\"button.default\">\n\t\t\t\t<div class=\"elementor-widget-container\">\n\t\t\t\t\t\t\t\t\t<div class=\"elementor-button-wrapper\">\n\t\t\t\t\t<a class=\"elementor-button elementor-button-link elementor-size-md\" href=\"#\">\n\t\t\t\t\t\t<span class=\"elementor-button-content-wrapper\">\n\t\t\t\t\t\t\t\t\t<span class=\"elementor-button-text\">0902 126 561<\/span>\n\t\t\t\t\t<\/span>\n\t\t\t\t\t<\/a>\n\t\t\t\t<\/div>\n\t\t\t\t\t\t\t\t<\/div>\n\t\t\t\t<\/div>\n\t\t\t\t<div class=\"elementor-element elementor-element-fb8d047 elementor-align-right glow-button-gold elementor-widget elementor-widget-button\" data-id=\"fb8d047\" data-element_type=\"widget\" data-e-type=\"widget\" data-widget_type=\"button.default\">\n\t\t\t\t<div class=\"elementor-widget-container\">\n\t\t\t\t\t\t\t\t\t<div class=\"elementor-button-wrapper\">\n\t\t\t\t\t<a class=\"elementor-button elementor-button-link elementor-size-md\" href=\"#\">\n\t\t\t\t\t\t<span class=\"elementor-button-content-wrapper\">\n\t\t\t\t\t\t\t\t\t<span class=\"elementor-button-text\">info@prognessa.com<\/span>\n\t\t\t\t\t<\/span>\n\t\t\t\t\t<\/a>\n\t\t\t\t<\/div>\n\t\t\t\t\t\t\t\t<\/div>\n\t\t\t\t<\/div>\n\t\t\t\t<\/div>\n\t\t\t\t<\/div>\n\t\t<div class=\"elementor-element elementor-element-94a368d e-con-full e-flex e-con e-child\" data-id=\"94a368d\" data-element_type=\"container\" data-e-type=\"container\">\n\t\t\t\t<div class=\"elementor-element elementor-element-3b52c2a elementor-widget elementor-widget-image\" data-id=\"3b52c2a\" data-element_type=\"widget\" data-e-type=\"widget\" data-widget_type=\"image.default\">\n\t\t\t\t<div class=\"elementor-widget-container\">\n\t\t\t\t\t\t\t\t\t\t\t\t\t\t\t<img loading=\"lazy\" decoding=\"async\" width=\"800\" height=\"919\" src=\"https:\/\/www.prognessa.com\/wp-content\/uploads\/2025\/06\/csurovci-891x1024.png\" class=\"attachment-large size-large wp-image-9589\" alt=\"\" srcset=\"https:\/\/www.prognessa.com\/wp-content\/uploads\/2025\/06\/csurovci-891x1024.png 891w, https:\/\/www.prognessa.com\/wp-content\/uploads\/2025\/06\/csurovci-261x300.png 261w, https:\/\/www.prognessa.com\/wp-content\/uploads\/2025\/06\/csurovci-768x883.png 768w, https:\/\/www.prognessa.com\/wp-content\/uploads\/2025\/06\/csurovci.png 1286w\" sizes=\"(max-width: 800px) 100vw, 800px\" \/>\t\t\t\t\t\t\t\t\t\t\t\t\t\t\t<\/div>\n\t\t\t\t<\/div>\n\t\t\t\t<\/div>\n\t\t\t\t<\/div>\n\t\t\t\t\t<\/div>\n\t\t\t\t<\/div>\n\t\t\t\t<\/div>\n\t\t","protected":false},"excerpt":{"rendered":"<p>Prozess Analyse Prozesse sind das R\u00fcckgrat eines jeden Unternehmens. Lassen Sie uns damit beginnen, Ihre Systeme gemeinsam zu entwerfen und aufzubauen, damit sich eine bessere Gesch\u00e4ftsleistung in der Wirtschaftlichkeit des Unternehmens niederschl\u00e4gt und wichtige Mitarbeiter entlastet werden. Ich bin interessiert Ein gut durchdachtes System ist die Grundlage f\u00fcr ein gut funktionierendes Unternehmen. Schlie\u00dflich ist ein [&hellip;]<\/p>\n","protected":false},"author":1,"featured_media":0,"parent":9482,"menu_order":0,"comment_status":"closed","ping_status":"closed","template":"elementor_header_footer","meta":{"_acf_changed":false,"inline_featured_image":false,"footnotes":""},"class_list":["post-9580","page","type-page","status-publish","hentry"],"acf":[],"_links":{"self":[{"href":"https:\/\/www.prognessa.com\/de\/wp-json\/wp\/v2\/pages\/9580","targetHints":{"allow":["GET"]}}],"collection":[{"href":"https:\/\/www.prognessa.com\/de\/wp-json\/wp\/v2\/pages"}],"about":[{"href":"https:\/\/www.prognessa.com\/de\/wp-json\/wp\/v2\/types\/page"}],"author":[{"embeddable":true,"href":"https:\/\/www.prognessa.com\/de\/wp-json\/wp\/v2\/users\/1"}],"replies":[{"embeddable":true,"href":"https:\/\/www.prognessa.com\/de\/wp-json\/wp\/v2\/comments?post=9580"}],"version-history":[{"count":2,"href":"https:\/\/www.prognessa.com\/de\/wp-json\/wp\/v2\/pages\/9580\/revisions"}],"predecessor-version":[{"id":9642,"href":"https:\/\/www.prognessa.com\/de\/wp-json\/wp\/v2\/pages\/9580\/revisions\/9642"}],"up":[{"embeddable":true,"href":"https:\/\/www.prognessa.com\/de\/wp-json\/wp\/v2\/pages\/9482"}],"wp:attachment":[{"href":"https:\/\/www.prognessa.com\/de\/wp-json\/wp\/v2\/media?parent=9580"}],"curies":[{"name":"wp","href":"https:\/\/api.w.org\/{rel}","templated":true}]}}