{"id":9606,"date":"2025-07-21T16:55:08","date_gmt":"2025-07-21T14:55:08","guid":{"rendered":"https:\/\/www.prognessa.com\/werden-sie-einer-von-uns\/handelsvertreter-im-bereich-marketing-und-werbung\/"},"modified":"2025-11-25T11:20:51","modified_gmt":"2025-11-25T10:20:51","slug":"handelsvertreter-im-bereich-marketing-und-werbung","status":"publish","type":"page","link":"https:\/\/www.prognessa.com\/de\/werden-sie-einer-von-uns\/handelsvertreter-im-bereich-marketing-und-werbung\/","title":{"rendered":"Handelsvertreter im Bereich Marketing und Werbung"},"content":{"rendered":"\t\t<div data-elementor-type=\"wp-page\" data-elementor-id=\"9606\" class=\"elementor elementor-9606 elementor-7507\" data-elementor-post-type=\"page\">\n\t\t\t\t<div class=\"elementor-element elementor-element-8ec71f9 e-flex e-con-boxed e-con e-parent\" data-id=\"8ec71f9\" data-element_type=\"container\" data-e-type=\"container\">\n\t\t\t\t\t<div class=\"e-con-inner\">\n\t\t\t\t<div class=\"elementor-element elementor-element-862f16c elementor-widget elementor-widget-image\" data-id=\"862f16c\" data-element_type=\"widget\" data-e-type=\"widget\" data-widget_type=\"image.default\">\n\t\t\t\t<div class=\"elementor-widget-container\">\n\t\t\t\t\t\t\t\t\t\t\t\t\t\t\t<img fetchpriority=\"high\" decoding=\"async\" width=\"800\" height=\"777\" src=\"https:\/\/www.prognessa.com\/wp-content\/uploads\/2025\/07\/obchodny_zastupca-1.svg\" class=\"attachment-large size-large wp-image-9608\" alt=\"\" \/>\t\t\t\t\t\t\t\t\t\t\t\t\t\t\t<\/div>\n\t\t\t\t<\/div>\n\t\t\t\t<div class=\"elementor-element elementor-element-003ca95 elementor-widget elementor-widget-heading\" data-id=\"003ca95\" data-element_type=\"widget\" data-e-type=\"widget\" data-widget_type=\"heading.default\">\n\t\t\t\t<div class=\"elementor-widget-container\">\n\t\t\t\t\t<h1 class=\"elementor-heading-title elementor-size-default\">Handelsvertreter im Bereich Marketing und Werbung<\/h1>\t\t\t\t<\/div>\n\t\t\t\t<\/div>\n\t\t<div class=\"elementor-element elementor-element-4e54f5c e-grid e-con-full e-con e-child\" data-id=\"4e54f5c\" data-element_type=\"container\" data-e-type=\"container\">\n\t\t\t\t<div class=\"elementor-element elementor-element-65b884d elementor-icon-list--layout-traditional elementor-list-item-link-full_width elementor-widget elementor-widget-icon-list\" data-id=\"65b884d\" data-element_type=\"widget\" data-e-type=\"widget\" data-widget_type=\"icon-list.default\">\n\t\t\t\t<div class=\"elementor-widget-container\">\n\t\t\t\t\t\t\t<ul class=\"elementor-icon-list-items\">\n\t\t\t\t\t\t\t<li class=\"elementor-icon-list-item\">\n\t\t\t\t\t\t\t\t\t\t\t<span class=\"elementor-icon-list-icon\">\n\t\t\t\t\t\t\t<i aria-hidden=\"true\" class=\"fas fa-map-pin\"><\/i>\t\t\t\t\t\t<\/span>\n\t\t\t\t\t\t\t\t\t\t<span class=\"elementor-icon-list-text\">Region Bratislava (Arbeit erfordert Reisen)<\/span>\n\t\t\t\t\t\t\t\t\t<\/li>\n\t\t\t\t\t\t\t\t<li class=\"elementor-icon-list-item\">\n\t\t\t\t\t\t\t\t\t\t\t<span class=\"elementor-icon-list-icon\">\n\t\t\t\t\t\t\t<i aria-hidden=\"true\" class=\"far fa-calendar-alt\"><\/i>\t\t\t\t\t\t<\/span>\n\t\t\t\t\t\t\t\t\t\t<span class=\"elementor-icon-list-text\">Startdatum: sofort beginnen<\/span>\n\t\t\t\t\t\t\t\t\t<\/li>\n\t\t\t\t\t\t<\/ul>\n\t\t\t\t\t\t<\/div>\n\t\t\t\t<\/div>\n\t\t\t\t<div class=\"elementor-element elementor-element-5f6df0b elementor-icon-list--layout-traditional elementor-list-item-link-full_width elementor-widget elementor-widget-icon-list\" data-id=\"5f6df0b\" data-element_type=\"widget\" data-e-type=\"widget\" data-widget_type=\"icon-list.default\">\n\t\t\t\t<div class=\"elementor-widget-container\">\n\t\t\t\t\t\t\t<ul class=\"elementor-icon-list-items\">\n\t\t\t\t\t\t\t<li class=\"elementor-icon-list-item\">\n\t\t\t\t\t\t\t\t\t\t\t<span class=\"elementor-icon-list-icon\">\n\t\t\t\t\t\t\t<i aria-hidden=\"true\" class=\"far fa-clock\"><\/i>\t\t\t\t\t\t<\/span>\n\t\t\t\t\t\t\t\t\t\t<span class=\"elementor-icon-list-text\">Art der Besch\u00e4ftigung: Handel<\/span>\n\t\t\t\t\t\t\t\t\t<\/li>\n\t\t\t\t\t\t\t\t<li class=\"elementor-icon-list-item\">\n\t\t\t\t\t\t\t\t\t\t\t<span class=\"elementor-icon-list-icon\">\n\t\t\t\t\t\t\t<i aria-hidden=\"true\" class=\"fas fa-euro-sign\"><\/i>\t\t\t\t\t\t<\/span>\n\t\t\t\t\t\t\t\t\t\t<span class=\"elementor-icon-list-text\">Gehaltsbedingungen (brutto): 1 000 - 3 000 EUR\/Monat Das Gehalt eines Handelsvertreters setzt sich aus einer festen Komponente und Leistungspr\u00e4mien zusammen.<\/span>\n\t\t\t\t\t\t\t\t\t<\/li>\n\t\t\t\t\t\t<\/ul>\n\t\t\t\t\t\t<\/div>\n\t\t\t\t<\/div>\n\t\t\t\t<\/div>\n\t\t\t\t<div class=\"elementor-element elementor-element-b728bb0 elementor-widget elementor-widget-text-editor\" data-id=\"b728bb0\" data-element_type=\"widget\" data-e-type=\"widget\" data-widget_type=\"text-editor.default\">\n\t\t\t\t<div class=\"elementor-widget-container\">\n\t\t\t\t\t\t\t\t\t<div id=\"div_block-32-4649\" class=\"ct-div-block\"><div class=\"details\"><div class=\"job-info details-section\"><div class=\"subtitle-line\"><h3>Job-Informationen<\/h3><\/div><h4>Stellenbeschreibung, Befugnisse und Verantwortlichkeiten<\/h4><div class=\"details-desc\"><p>PROGNESSA (besuchen Sie www.prognessa.com), ein Unternehmen, das slowakische Unternehmen bei der Kundenakquise unterst\u00fctzt, sucht einen Vertriebsmitarbeiter.  <\/p><p>Werden Sie unser Handelsvertreter!<\/p><p>Wir sind auf der Suche nach einem kreativen und dynamischen Vertriebsmitarbeiter mit einer Leidenschaft f\u00fcr Marketing und Vertrieb. Wenn Sie proaktiv sind und selbstst\u00e4ndig arbeiten k\u00f6nnen, ist diese Gelegenheit genau das Richtige f\u00fcr Sie! <\/p><p>Stellenbeschreibung:<\/p><ul><li><strong>Kundenpflege<\/strong>: Pflegen Sie die Beziehungen zu bestehenden Kunden und werben Sie aktiv neue Kunden an.<\/li><li><strong>Treffen arrangieren<\/strong>:Arrangieren Sie Treffen mit Gesch\u00e4ftsinhabern und Gesch\u00e4ftsf\u00fchrern.<\/li><li>Verantwortlichkeit f\u00fcr das <strong>Erreichen von Zielen und Pl\u00e4nen.<\/strong><\/li><li><strong>Vorbereitung und Pr\u00e4sentation von kommerziellen Angeboten.<\/strong><\/li><li>Verantwortung f\u00fcr die Umsetzung der <strong>Gesch\u00e4ftsstrategie.<\/strong><\/li><\/ul><\/div><h4>Sozialleistungen, Verg\u00fcnstigungen<\/h4><div class=\"details-desc\"><ul><li><strong>Umfassende Schulungen zu Marketing und Gesch\u00e4ftssystemen<\/strong><\/li><li><strong>Exklusiver Zugang zu<\/strong> prestigetr\u00e4chtigen Networking-, Gesch\u00e4fts- und Marketingveranstaltungen  <\/li><li><strong>Gro\u00dfz\u00fcgige Provisionen<\/strong>: F\u00fcr jeden erfolgreich abgeschlossenen Handel erhalten Sie interessante Provisionen, die Ihre Arbeit und Ihre Leistungen widerspiegeln.<\/li><li>Arbeiten Sie in einem jungen dynamischen Team<\/li><li><strong>Hochwertiges Business-Telefon<\/strong> (iPhone)  <\/li><li><strong>Business MacBook<\/strong>: Arbeiten Sie mit einem leistungsstarken MacBook, mit dem Sie Ihr volles Potenzial aussch\u00f6pfen und Ihre Arbeit rationalisieren k\u00f6nnen.<\/li><li>Hohe zeitliche Flexibilit\u00e4t<\/li><\/ul><strong>Wer ist unser idealer Kandidat?<\/strong><ul><li><strong>Erfahrung im Dienstleistungsverkauf<\/strong>: Sie haben eine nachweisliche Erfolgsbilanz im Dienstleistungsverkauf oder im Bereich Marketing und Werbung.<\/li><li><strong>Proaktiv und unabh\u00e4ngig<\/strong>: Sie sind unabh\u00e4ngig, ergreifen die Initiative und \u00fcbernehmen gerne die Verantwortung f\u00fcr Ihre Aufgaben.<\/li><\/ul><strong>Flexibilit\u00e4t bei der Arbeit<\/strong><ul><li><strong>Arbeiten im Home-Office<\/strong>: Genie\u00dfen Sie die Freiheit, bequem von zu Hause aus zu arbeiten.<\/li><li><strong>Kundenarbeit<\/strong>: Sie besuchen Kunden nach Bedarf und bauen starke Gesch\u00e4ftsbeziehungen auf.<\/li><li><strong>Berichterstattung \u00fcber CRM<\/strong>: Verwalten Sie Ihre Aufgaben effizient und melden Sie die Ergebnisse \u00fcber unser hochmodernes CRM-System, das eine einfache und transparente Verwaltung erm\u00f6glicht.  <\/li><\/ul><ul><li><strong>Hauptsitz in Rimavska Sobota<\/strong>: Unser Unternehmen verf\u00fcgt \u00fcber moderne B\u00fcros in Rimavska Sobota, wo wir Sie gerne empfangen.<\/li><\/ul><\/div><h4>Informationen \u00fcber das Auswahlverfahren<\/h4><div class=\"details-desc\">Die erste Runde der Vorstellungsgespr\u00e4che wird Anfang August auf der Plattform Google Meet stattfinden.<br>Bitte senden Sie Ihren Lebenslauf, Ihr Anschreiben und Ihre Zustimmung zur Verarbeitung personenbezogener Daten \u00fcber das Formular unter daiana@prognessa.com. Wir behalten uns das Recht vor, abgelehnte Bewerber nicht zu kontaktieren.<br>Bevor Sie sich bewerben, bitten wir Sie, die Website www.prognessa.com und unsere Facebook-Seite facebook.com\/prognessa zu besuchen. <\/div><\/div><div class=\"job-requirements details-section\"><div class=\"subtitle-line\"><h3>Anforderungen an die Mitarbeiter<\/h3><\/div><h4>Die Stelle ist geeignet f\u00fcr Bewerber mit einer Ausbildung<\/h4><div class=\"details-desc\">Sekundarausbildung mit Sekundarschulabschluss<br>Postsekund\u00e4re\/h\u00f6here Berufsausbildung<br>Hochschulabschluss I<br>Hochschulabschluss II <\/div><h4>Ausbildung auf dem Gebiet<\/h4><div class=\"details-desc\">ein Abschluss in Management oder Marketing ist von Vorteil<\/div><h4>Sprachkenntnisse<\/h4><div class=\"details-desc\">Englisch &#8211; Mittelstufe (B1) <strong>und<\/strong> Slowakisch &#8211; Experte (C2)<\/div><h4>F\u00fchrerschein<\/h4><div class=\"details-desc\">B<\/div><h4>Pers\u00f6nliche Qualifikationen und F\u00e4higkeiten<\/h4><div class=\"details-desc\"><p>&#8211; Ethik<br>&#8211; Kommunikations- und Interviewf\u00e4higkeiten<br>&#8211; Kenntnisse der Grundlagen des digitalen Marketings<br>&#8211; Verkaufserfahrung <br>&#8211; F\u00fchrerschein Typ B und eigenes Auto<\/p><\/div><\/div><\/div><div class=\"company-info details-section\"><div class=\"subtitle-line\"><h3>Werbefirma<\/h3><\/div><h4>Kurze Beschreibung des Unternehmens<\/h4><div class=\"details-desc\">Unser Ziel ist es, slowakische Unternehmen im Wettbewerb mit internationalen Konzernen zu unterst\u00fctzen.<br><br>Gleichzeitig versucht PROGNESSA trotz seines Standorts (Rimavsk\u00e1 Sobota), jungen Menschen die Perspektive zu geben, dass auch in dieser Region ein junger Mensch einen guten Job haben kann, der ihn erf\u00fcllt, und damit einen guten Lebensstandard, auf den er seine Zukunft aufbauen kann.<br><br>Wir haben uns in mehr als 30 L\u00e4ndern der Welt Wissen angeeignet und Menschen getroffen, die uns wertvolles Know-how vermittelt haben, das wir in die Entwicklung von Unternehmen einbringen. Unsere zentralen Werte sind Fortschritt und Gl\u00fcck. <br><br>Ihre E-Mail wird unter <a href=\"mailto:daiana@prognessa.com\">daiana@prognessa.com erwartet .<\/a> Vergessen Sie nicht, Ihrer E-Mail Ihren Lebenslauf und Ihr Anschreiben beizuf\u00fcgen. <\/div><h4>Kontakt<\/h4><div class=\"details-desc\">Kontaktperson: (Hons), Daniel Cs\u00far, B.A., MSc.<br>Tel.: <a class=\"tel\" href=\"tel:+421948604703\">+421948604703<\/a><br>E-mail: <a id=\"offer-reaction-email\" title=\"Senden Sie Ihren Lebenslauf per E-Mail \u00fcber das Online-Formular an das Unternehmen\" href=\"https:\/\/www.profesia.sk\/job-application-redirect\/4877449?_locale=sk&amp;inc_stat=1\" rel=\"nofollow noopener\" target=\"_blank\">send CV<\/a><\/div><\/div><\/div>\t\t\t\t\t\t\t\t<\/div>\n\t\t\t\t<\/div>\n\t\t\t\t\t<\/div>\n\t\t\t\t<\/div>\n\t\t<div class=\"elementor-element elementor-element-c217fda e-flex e-con-boxed e-con e-parent\" data-id=\"c217fda\" data-element_type=\"container\" data-e-type=\"container\">\n\t\t\t\t\t<div class=\"e-con-inner\">\n\t\t<div class=\"elementor-element elementor-element-cc3ea38 e-con-full glass e-flex e-con e-child\" data-id=\"cc3ea38\" data-element_type=\"container\" data-e-type=\"container\" data-settings=\"{&quot;background_background&quot;:&quot;gradient&quot;}\">\n\t\t\t\t<div class=\"elementor-element elementor-element-61e636d elementor-button-align-stretch elementor-widget elementor-widget-form\" data-id=\"61e636d\" data-element_type=\"widget\" data-e-type=\"widget\" data-settings=\"{&quot;button_width&quot;:&quot;33&quot;,&quot;step_next_label&quot;:&quot;N\\u00e4chste&quot;,&quot;step_previous_label&quot;:&quot;Vorherige von&quot;,&quot;button_width_tablet&quot;:&quot;70&quot;,&quot;step_type&quot;:&quot;number_text&quot;,&quot;step_icon_shape&quot;:&quot;circle&quot;}\" data-widget_type=\"form.default\">\n\t\t\t\t<div class=\"elementor-widget-container\">\n\t\t\t\t\t\t\t<form class=\"elementor-form\" method=\"post\" name=\"Karriere Prognessa\" aria-label=\"Karriere Prognessa\">\n\t\t\t<input type=\"hidden\" name=\"post_id\" value=\"9606\"\/>\n\t\t\t<input type=\"hidden\" name=\"form_id\" value=\"61e636d\"\/>\n\t\t\t<input type=\"hidden\" name=\"referer_title\" value=\"\" \/>\n\n\t\t\t\n\t\t\t<div class=\"elementor-form-fields-wrapper elementor-labels-above\">\n\t\t\t\t\t\t\t\t<div class=\"elementor-field-type-text elementor-field-group elementor-column elementor-field-group-name elementor-col-50 elementor-field-required\">\n\t\t\t\t\t\t\t\t\t\t\t\t<label for=\"form-field-name\" class=\"elementor-field-label\">\n\t\t\t\t\t\t\t\tName\t\t\t\t\t\t\t<\/label>\n\t\t\t\t\t\t\t\t\t\t\t\t\t\t<input size=\"1\" type=\"text\" name=\"form_fields[name]\" id=\"form-field-name\" class=\"elementor-field elementor-size-md  elementor-field-textual\" required=\"required\">\n\t\t\t\t\t\t\t\t\t\t\t<\/div>\n\t\t\t\t\t\t\t\t<div class=\"elementor-field-type-text elementor-field-group elementor-column elementor-field-group-field_ca82dc6 elementor-col-50 elementor-field-required\">\n\t\t\t\t\t\t\t\t\t\t\t\t<label for=\"form-field-field_ca82dc6\" class=\"elementor-field-label\">\n\t\t\t\t\t\t\t\tNachname\t\t\t\t\t\t\t<\/label>\n\t\t\t\t\t\t\t\t\t\t\t\t\t\t<input size=\"1\" type=\"text\" name=\"form_fields[field_ca82dc6]\" id=\"form-field-field_ca82dc6\" class=\"elementor-field elementor-size-md  elementor-field-textual\" required=\"required\">\n\t\t\t\t\t\t\t\t\t\t\t<\/div>\n\t\t\t\t\t\t\t\t<div class=\"elementor-field-type-email elementor-field-group elementor-column elementor-field-group-email elementor-col-50 elementor-field-required\">\n\t\t\t\t\t\t\t\t\t\t\t\t<label for=\"form-field-email\" class=\"elementor-field-label\">\n\t\t\t\t\t\t\t\tE-Mail\t\t\t\t\t\t\t<\/label>\n\t\t\t\t\t\t\t\t\t\t\t\t\t\t<input size=\"1\" type=\"email\" name=\"form_fields[email]\" id=\"form-field-email\" class=\"elementor-field elementor-size-md  elementor-field-textual\" required=\"required\">\n\t\t\t\t\t\t\t\t\t\t\t<\/div>\n\t\t\t\t\t\t\t\t<div class=\"elementor-field-type-tel elementor-field-group elementor-column elementor-field-group-field_dc6714a elementor-col-50 elementor-field-required\">\n\t\t\t\t\t\t\t\t\t\t\t\t<label for=\"form-field-field_dc6714a\" class=\"elementor-field-label\">\n\t\t\t\t\t\t\t\tRufnummer\t\t\t\t\t\t\t<\/label>\n\t\t\t\t\t\t\t\t<input size=\"1\" type=\"tel\" name=\"form_fields[field_dc6714a]\" id=\"form-field-field_dc6714a\" class=\"elementor-field elementor-size-md  elementor-field-textual\" required=\"required\" pattern=\"[0-9()#&amp;+*-=.]+\" title=\"Nur Nummern oder Telefon-Zeichen (#, -, *, etc) werden akzeptiert.\">\n\n\t\t\t\t\t\t<\/div>\n\t\t\t\t\t\t\t\t<div class=\"elementor-field-type-upload elementor-field-group elementor-column elementor-field-group-field_13e9060 elementor-col-50\">\n\t\t\t\t\t\t\t\t\t\t\t\t<label for=\"form-field-field_13e9060\" class=\"elementor-field-label\">\n\t\t\t\t\t\t\t\tCV\t\t\t\t\t\t\t<\/label>\n\t\t\t\t\t\t\t\t<input type=\"file\" name=\"form_fields[field_13e9060][]\" id=\"form-field-field_13e9060\" class=\"elementor-field elementor-size-md  elementor-upload-field\" multiple=\"multiple\" data-maxsize=\"3\" data-maxsize-message=\"Diese Datei \u00fcbersteigt die maximale Dateigr\u00f6\u00dfe.\">\n\n\t\t\t\t\t\t<\/div>\n\t\t\t\t\t\t\t\t<div class=\"elementor-field-type-upload elementor-field-group elementor-column elementor-field-group-field_85af1e9 elementor-col-50\">\n\t\t\t\t\t\t\t\t\t\t\t\t<label for=\"form-field-field_85af1e9\" class=\"elementor-field-label\">\n\t\t\t\t\t\t\t\tAnschreiben \/ Portfolio\t\t\t\t\t\t\t<\/label>\n\t\t\t\t\t\t\t\t<input type=\"file\" name=\"form_fields[field_85af1e9][]\" id=\"form-field-field_85af1e9\" class=\"elementor-field elementor-size-md  elementor-upload-field\" multiple=\"multiple\" data-maxsize=\"3\" data-maxsize-message=\"Diese Datei \u00fcbersteigt die maximale Dateigr\u00f6\u00dfe.\">\n\n\t\t\t\t\t\t<\/div>\n\t\t\t\t\t\t\t\t<div class=\"elementor-field-type-textarea elementor-field-group elementor-column elementor-field-group-field_cba298b elementor-col-100\">\n\t\t\t\t\t\t\t\t\t\t\t\t<label for=\"form-field-field_cba298b\" class=\"elementor-field-label\">\n\t\t\t\t\t\t\t\tWenn Sie uns etwas zu sagen haben, schreiben Sie es hier\t\t\t\t\t\t\t<\/label>\n\t\t\t\t\t\t<textarea class=\"elementor-field-textual elementor-field  elementor-size-md\" name=\"form_fields[field_cba298b]\" id=\"form-field-field_cba298b\" rows=\"4\"><\/textarea>\t\t\t\t<\/div>\n\t\t\t\t\t\t\t\t<div class=\"elementor-field-type-acceptance elementor-field-group elementor-column elementor-field-group-field_84775b9 elementor-col-100 elementor-field-required\">\n\t\t\t\t\t\t\t\t\t\t\t\t<label for=\"form-field-field_84775b9\" class=\"elementor-field-label\">\n\t\t\t\t\t\t\t\tGDPR\t\t\t\t\t\t\t<\/label>\n\t\t\t\t\t\t\t\t<div class=\"elementor-field-subgroup\">\n\t\t\t<span class=\"elementor-field-option\">\n\t\t\t\t<input type=\"checkbox\" name=\"form_fields[field_84775b9]\" id=\"form-field-field_84775b9\" class=\"elementor-field elementor-size-md  elementor-acceptance-field\" required=\"required\">\n\t\t\t\t<label for=\"form-field-field_84775b9\">Ich best\u00e4tige mein Einverst\u00e4ndnis mit der Verarbeitung der pers\u00f6nlichen Daten<\/label>\t\t\t<\/span>\n\t\t<\/div>\n\t\t\t\t\t\t<\/div>\n\t\t\t\t\t\t\t\t<div class=\"elementor-field-type-recaptcha_v3 elementor-field-group elementor-column elementor-field-group-field_d9d4d85 elementor-col-100 recaptcha_v3-inline\">\n\t\t\t\t\t<div class=\"elementor-field\" id=\"form-field-field_d9d4d85\"><div class=\"elementor-g-recaptcha\" data-sitekey=\"6LfFvH8rAAAAAPCwKqwfxX_xdOJCVuXfpJ7b5cBN\" data-type=\"v3\" data-action=\"Form\" data-badge=\"inline\" data-size=\"invisible\"><\/div><\/div>\t\t\t\t<\/div>\n\t\t\t\t\t\t\t\t<div class=\"elementor-field-group elementor-column elementor-field-type-submit elementor-col-33 e-form__buttons elementor-md-70\">\n\t\t\t\t\t<button class=\"elementor-button elementor-size-sm\" type=\"submit\">\n\t\t\t\t\t\t<span class=\"elementor-button-content-wrapper\">\n\t\t\t\t\t\t\t\t\t\t\t\t\t\t\t\t\t\t\t\t\t\t<span class=\"elementor-button-text\">Nachricht senden<\/span>\n\t\t\t\t\t\t\t\t\t\t\t\t\t<\/span>\n\t\t\t\t\t<\/button>\n\t\t\t\t<\/div>\n\t\t\t<\/div>\n\t\t<\/form>\n\t\t\t\t\t\t<\/div>\n\t\t\t\t<\/div>\n\t\t\t\t<\/div>\n\t\t\t\t\t<\/div>\n\t\t\t\t<\/div>\n\t\t\t\t<\/div>\n\t\t","protected":false},"excerpt":{"rendered":"<p>Handelsvertreter im Bereich Marketing und Werbung Region Bratislava (Arbeit erfordert Reisen) Startdatum: sofort beginnen Art der Besch\u00e4ftigung: Handel Gehaltsbedingungen (brutto): 1 000 &#8211; 3 000 EUR\/Monat Das Gehalt eines Handelsvertreters setzt sich aus einer festen Komponente und Leistungspr\u00e4mien zusammen. Job-Informationen Stellenbeschreibung, Befugnisse und Verantwortlichkeiten PROGNESSA (besuchen Sie www.prognessa.com), ein Unternehmen, das slowakische Unternehmen bei der [&hellip;]<\/p>\n","protected":false},"author":1,"featured_media":0,"parent":9534,"menu_order":0,"comment_status":"closed","ping_status":"closed","template":"elementor_header_footer","meta":{"_acf_changed":false,"inline_featured_image":false,"footnotes":""},"class_list":["post-9606","page","type-page","status-publish","hentry"],"acf":[],"_links":{"self":[{"href":"https:\/\/www.prognessa.com\/de\/wp-json\/wp\/v2\/pages\/9606","targetHints":{"allow":["GET"]}}],"collection":[{"href":"https:\/\/www.prognessa.com\/de\/wp-json\/wp\/v2\/pages"}],"about":[{"href":"https:\/\/www.prognessa.com\/de\/wp-json\/wp\/v2\/types\/page"}],"author":[{"embeddable":true,"href":"https:\/\/www.prognessa.com\/de\/wp-json\/wp\/v2\/users\/1"}],"replies":[{"embeddable":true,"href":"https:\/\/www.prognessa.com\/de\/wp-json\/wp\/v2\/comments?post=9606"}],"version-history":[{"count":1,"href":"https:\/\/www.prognessa.com\/de\/wp-json\/wp\/v2\/pages\/9606\/revisions"}],"predecessor-version":[{"id":9613,"href":"https:\/\/www.prognessa.com\/de\/wp-json\/wp\/v2\/pages\/9606\/revisions\/9613"}],"up":[{"embeddable":true,"href":"https:\/\/www.prognessa.com\/de\/wp-json\/wp\/v2\/pages\/9534"}],"wp:attachment":[{"href":"https:\/\/www.prognessa.com\/de\/wp-json\/wp\/v2\/media?parent=9606"}],"curies":[{"name":"wp","href":"https:\/\/api.w.org\/{rel}","templated":true}]}}