{"id":9616,"date":"2025-08-01T20:41:58","date_gmt":"2025-08-01T18:41:58","guid":{"rendered":"https:\/\/www.prognessa.com\/dankeschoen\/"},"modified":"2026-01-08T13:24:26","modified_gmt":"2026-01-08T12:24:26","slug":"dankeschoen","status":"publish","type":"page","link":"https:\/\/www.prognessa.com\/de\/dankeschoen\/","title":{"rendered":"Dankesch\u00f6n"},"content":{"rendered":"\t\t<div data-elementor-type=\"wp-page\" data-elementor-id=\"9616\" class=\"elementor elementor-9616 elementor-8587\" data-elementor-post-type=\"page\">\n\t\t\t\t<div class=\"elementor-element elementor-element-ef32f78 e-flex e-con-boxed e-con e-parent\" data-id=\"ef32f78\" data-element_type=\"container\" data-e-type=\"container\">\n\t\t\t\t\t<div class=\"e-con-inner\">\n\t\t\t\t<div class=\"elementor-element elementor-element-4b31be2 elementor-widget elementor-widget-heading\" data-id=\"4b31be2\" data-element_type=\"widget\" data-e-type=\"widget\" data-widget_type=\"heading.default\">\n\t\t\t\t<div class=\"elementor-widget-container\">\n\t\t\t\t\t<h1 class=\"elementor-heading-title elementor-size-default\">Vielen Dank f\u00fcr Ihre Anfrage<\/h1>\t\t\t\t<\/div>\n\t\t\t\t<\/div>\n\t\t\t\t<div class=\"elementor-element elementor-element-559dce1 elementor-widget elementor-widget-text-editor\" data-id=\"559dce1\" data-element_type=\"widget\" data-e-type=\"widget\" data-widget_type=\"text-editor.default\">\n\t\t\t\t<div class=\"elementor-widget-container\">\n\t\t\t\t\t\t\t\t\t<p>Die Nachricht wurde erfolgreich gesendet. Wir werden versuchen, Sie so schnell wie m\u00f6glich zu kontaktieren. <\/p><p> <\/p>\t\t\t\t\t\t\t\t<\/div>\n\t\t\t\t<\/div>\n\t\t\t\t<div class=\"elementor-element elementor-element-e491193 elementor-widget elementor-widget-html\" data-id=\"e491193\" data-element_type=\"widget\" data-e-type=\"widget\" data-widget_type=\"html.default\">\n\t\t\t\t<div class=\"elementor-widget-container\">\n\t\t\t\t\t<script type=\"text\/javascript\"> \r\njQuery(document).ready(function() {\r\n jQuery('#go-back').on('click', function() {\r\n window.history.go(-1); \r\n return false;\r\n });\r\n});\r\n<\/script>\t\t\t\t<\/div>\n\t\t\t\t<\/div>\n\t\t<div class=\"elementor-element elementor-element-b0dc716 e-con-full e-flex e-con e-child\" data-id=\"b0dc716\" data-element_type=\"container\" data-e-type=\"container\">\n\t\t\t\t<div class=\"elementor-element elementor-element-2da3526 elementor-align-right glow-button elementor-widget elementor-widget-button\" data-id=\"2da3526\" data-element_type=\"widget\" data-e-type=\"widget\" id=\"go-back\" data-widget_type=\"button.default\">\n\t\t\t\t<div class=\"elementor-widget-container\">\n\t\t\t\t\t\t\t\t\t<div class=\"elementor-button-wrapper\">\n\t\t\t\t\t<a class=\"elementor-button elementor-button-link elementor-size-md\" href=\"#\">\n\t\t\t\t\t\t<span class=\"elementor-button-content-wrapper\">\n\t\t\t\t\t\t<span class=\"elementor-button-icon\">\n\t\t\t\t<i aria-hidden=\"true\" class=\"fas fa-long-arrow-alt-left\"><\/i>\t\t\t<\/span>\n\t\t\t\t\t\t\t\t\t<span class=\"elementor-button-text\">Zur\u00fcck zu<\/span>\n\t\t\t\t\t<\/span>\n\t\t\t\t\t<\/a>\n\t\t\t\t<\/div>\n\t\t\t\t\t\t\t\t<\/div>\n\t\t\t\t<\/div>\n\t\t\t\t<div class=\"elementor-element elementor-element-ae6d8e9 elementor-align-right glow-button elementor-widget elementor-widget-button\" data-id=\"ae6d8e9\" data-element_type=\"widget\" data-e-type=\"widget\" data-widget_type=\"button.default\">\n\t\t\t\t<div class=\"elementor-widget-container\">\n\t\t\t\t\t\t\t\t\t<div class=\"elementor-button-wrapper\">\n\t\t\t\t\t<a class=\"elementor-button elementor-button-link elementor-size-md\" href=\"https:\/\/www.prognessa.com\/de\/\">\n\t\t\t\t\t\t<span class=\"elementor-button-content-wrapper\">\n\t\t\t\t\t\t\t\t\t<span class=\"elementor-button-text\">Homepage<\/span>\n\t\t\t\t\t<\/span>\n\t\t\t\t\t<\/a>\n\t\t\t\t<\/div>\n\t\t\t\t\t\t\t\t<\/div>\n\t\t\t\t<\/div>\n\t\t\t\t<\/div>\n\t\t\t\t\t<\/div>\n\t\t\t\t<\/div>\n\t\t\t\t<\/div>\n\t\t","protected":false},"excerpt":{"rendered":"<p>Vielen Dank f\u00fcr Ihre Anfrage Die Nachricht wurde erfolgreich gesendet. Wir werden versuchen, Sie so schnell wie m\u00f6glich zu kontaktieren. Zur\u00fcck zu Homepage<\/p>\n","protected":false},"author":1,"featured_media":0,"parent":0,"menu_order":0,"comment_status":"closed","ping_status":"closed","template":"elementor_header_footer","meta":{"_acf_changed":false,"inline_featured_image":false,"footnotes":""},"class_list":["post-9616","page","type-page","status-publish","hentry"],"acf":[],"_links":{"self":[{"href":"https:\/\/www.prognessa.com\/de\/wp-json\/wp\/v2\/pages\/9616","targetHints":{"allow":["GET"]}}],"collection":[{"href":"https:\/\/www.prognessa.com\/de\/wp-json\/wp\/v2\/pages"}],"about":[{"href":"https:\/\/www.prognessa.com\/de\/wp-json\/wp\/v2\/types\/page"}],"author":[{"embeddable":true,"href":"https:\/\/www.prognessa.com\/de\/wp-json\/wp\/v2\/users\/1"}],"replies":[{"embeddable":true,"href":"https:\/\/www.prognessa.com\/de\/wp-json\/wp\/v2\/comments?post=9616"}],"version-history":[{"count":3,"href":"https:\/\/www.prognessa.com\/de\/wp-json\/wp\/v2\/pages\/9616\/revisions"}],"predecessor-version":[{"id":10639,"href":"https:\/\/www.prognessa.com\/de\/wp-json\/wp\/v2\/pages\/9616\/revisions\/10639"}],"wp:attachment":[{"href":"https:\/\/www.prognessa.com\/de\/wp-json\/wp\/v2\/media?parent=9616"}],"curies":[{"name":"wp","href":"https:\/\/api.w.org\/{rel}","templated":true}]}}