{"id":6988,"date":"2025-07-11T19:22:59","date_gmt":"2025-07-11T17:22:59","guid":{"rendered":"https:\/\/www.prognessa.com\/gdpr\/"},"modified":"2025-07-14T19:58:32","modified_gmt":"2025-07-14T17:58:32","slug":"gdpr","status":"publish","type":"page","link":"https:\/\/www.prognessa.com\/en\/gdpr\/","title":{"rendered":"GDPR"},"content":{"rendered":"\t\t<div data-elementor-type=\"wp-page\" data-elementor-id=\"6988\" class=\"elementor elementor-6988 elementor-6054\" data-elementor-post-type=\"page\">\n\t\t\t\t<div class=\"elementor-element elementor-element-caca1fe e-flex e-con-boxed e-con e-parent\" data-id=\"caca1fe\" data-element_type=\"container\" data-e-type=\"container\">\n\t\t\t\t\t<div class=\"e-con-inner\">\n\t\t\t\t<div class=\"elementor-element elementor-element-1d639a7 elementor-widget elementor-widget-heading\" data-id=\"1d639a7\" data-element_type=\"widget\" data-e-type=\"widget\" data-widget_type=\"heading.default\">\n\t\t\t\t<div class=\"elementor-widget-container\">\n\t\t\t\t\t<h1 class=\"elementor-heading-title elementor-size-default\">Z\u00e1sady ochrany osobn\u00fdch \u00fadajov<\/h1>\t\t\t\t<\/div>\n\t\t\t\t<\/div>\n\t\t\t\t<div class=\"elementor-element elementor-element-939e352 elementor-widget elementor-widget-text-editor\" data-id=\"939e352\" data-element_type=\"widget\" data-e-type=\"widget\" data-widget_type=\"text-editor.default\">\n\t\t\t\t<div class=\"elementor-widget-container\">\n\t\t\t\t\t\t\t\t\t<p><strong>Kto je prev\u00e1dzkovate\u013eom Va\u0161ich osobn\u00fdch \u00fadajov?<\/strong><\/p><p>Prev\u00e1dzkovate\u013eom Va\u0161ich osobn\u00fdch \u00fadajov je<\/p><p><strong>PROGNESSA, s.r.o.<\/strong><\/p><ul class=\"wp-block-list\"><li>Slobody 27, 980 22 Ve\u013ek\u00fd Blh,<\/li><li>I\u010cO: 51 700 263<\/li><li>tel. \u010d\u00edslo: 0902 126 561 <\/li><li>e-mail: daniel@prognessa.com<\/li><li>web: www.prognessa.com<\/li><\/ul><p><strong>Zodpovedn\u00e1 osoba, na ktor\u00fa sa m\u00f4\u017eete obr\u00e1ti\u0165<\/strong><\/p><p>Na\u0161a spolo\u010dnos\u0165 m\u00e1 zodpovedn\u00fa osobu na ochranu osobn\u00fdch \u00fadajov, ktor\u00e1 dohliada na riadne sprac\u00favanie Va\u0161ich osobn\u00fdch \u00fadajov. M\u00f4\u017eete sa na \u0148u kedyko\u013evek obr\u00e1ti\u0165 na adrese:  <\/p><ul class=\"wp-block-list\"><li>e-mail: info@prognessa.com<strong><em> <\/em><\/strong><\/li><\/ul><p><strong>Na ak\u00e9 \u00fa\u010dely sprac\u00favame Va\u0161e osobn\u00e9 \u00fadaje a ak\u00fd je pr\u00e1vny z\u00e1klad ich sprac\u00favania?<\/strong><\/p><p>Va\u0161e osobn\u00e9 \u00fadaje m\u00f4\u017eeme sprac\u00fava\u0165 <strong>bez V\u00e1\u0161ho s\u00fahlasu<\/strong> na tieto \u00fa\u010dely:<\/p><ul class=\"wp-block-list\"><li><strong>sprac\u00favanie osobn\u00fdch \u00fadajov na z\u00e1klade plnenia z\u00e1konnej povinnosti<\/strong><\/li><\/ul><p>(pri sprac\u00favan\u00ed osobn\u00fdch \u00fadajov db\u00e1me na dodr\u017eiavanie legislat\u00edvy a pr\u00e1va dotknut\u00fdch os\u00f4b. Dopyty a \u017eiadosti dotknut\u00fdch os\u00f4b sa sna\u017e\u00edme vybavova\u0165 \u010do najsk\u00f4r, ako je to mo\u017en\u00e9, v s\u00falade so z\u00e1konom.)<\/p><ul class=\"wp-block-list\"><li><strong>sprac\u00favanie osobn\u00fdch \u00fadajov na z\u00e1klade zmluvy<\/strong><\/li><\/ul><p>(sprac\u00favan\u00e9 osobn\u00e9 \u00fadaje, nevyhnut\u00e9 na uzatvorenie a plnenie zmluvy)<\/p><ul class=\"wp-block-list\"><li><strong>sprac\u00favanie osobn\u00fdch \u00fadajov na z\u00e1klade opr\u00e1vnen\u00e9ho z\u00e1ujmu<\/strong><\/li><\/ul><p>(inform\u00e1cie pre klientov o novink\u00e1ch, ktor\u00e9 sa t\u00fdkaj\u00fa spr\u00e1vy ich zmluvy)<\/p><p>Va\u0161e osobn\u00e9 \u00fadaje m\u00f4\u017eeme sprac\u00fava\u0165 <strong>len s Va\u0161\u00edm s\u00fahlasom<\/strong> na tieto \u00fa\u010dely:<\/p><ul class=\"wp-block-list\"><li>na \u00fa\u010dely marketingu, <\/li><li>zasielania newsletterov spolo\u010dnosti<\/li><\/ul><p><strong>Ak\u00e9 subjekty maj\u00fa pr\u00edstup k Va\u0161im osobn\u00fdm \u00fadajom?<\/strong><\/p><p>Aby sme mohli zabezpe\u010di\u0165 riadny chod na\u0161ej spolo\u010dnosti, k Va\u0161im osobn\u00fdm \u00fadajom maj\u00fa pr\u00edstup aj \u010fal\u0161ie subjekty sprostredkovate\u013eov, ktor\u00ed maj\u00fa pr\u00edstup k osobn\u00fdm \u00fadajom na\u0161ich klientov:<\/p><ul class=\"wp-block-list\"><li>extern\u00e1 \u00fa\u010dtovn\u00e1 firma<\/li><li>CRM informa\u010dn\u00fd syst\u00e9m \u201eProductive\u201c <\/li><li>informa\u010dn\u00fd syst\u00e9m \u201eKROS\u201c<\/li><\/ul><p><strong>Ak\u00fa dlh\u00fa dobu budeme uchov\u00e1va\u0165 Va\u0161e osobn\u00e9 \u00fadaje?<\/strong><\/p><p>Va\u0161e osobn\u00e9 \u00fadaje budeme uchov\u00e1va\u0165: <\/p><ul class=\"wp-block-list\"><li>po\u010das trvania zmluvy, <\/li><li>po dobu povinn\u00fa na z\u00e1klade Z\u00e1kona o arch\u00edvoch a registrat\u00farach \u010d. 395\/2002,<\/li><li>po dobu povinn\u00fa na z\u00e1klade Z\u00e1kona o \u00fa\u010dtovn\u00edctve \u010d.431\/2002,<\/li><\/ul><p><strong>Na\u0161a spolo\u010dnos\u0165 pou\u017e\u00edva profilovanie a automatizovan\u00e9 rozhodovanie pri sprac\u00favan\u00ed Va\u0161ich osobn\u00fdch \u00fadajov<\/strong><\/p><p>Spolu s na\u0161imi partnermi vyu\u017e\u00edvame s\u00fabory cookies a podobn\u00e9 technol\u00f3gie, ako s\u00fa zna\u010dky a pixely (\u010falej ako \u201eS\u00fabory cookies\u201c) na prisp\u00f4sobovanie a zlep\u0161ovanie v\u00e1\u0161ho z\u00e1kazn\u00edckeho z\u00e1\u017eitku pri pou\u017e\u00edvan\u00ed na\u0161ich webstr\u00e1nok a na poskytovanie relevantn\u00fdch Online reklamy. S\u00fabory cookies s\u00fa mal\u00e9 textov\u00e9 s\u00fabory obsahuj\u00face jedine\u010dn\u00fd identifik\u00e1tor, ktor\u00e9 sa ukladaj\u00fa vo va\u0161om po\u010d\u00edta\u010di alebo mobilnom zariaden\u00ed, aby do\u0161lo k jeho rozpoznaniu v pr\u00edpade pou\u017eitia konkr\u00e9tnej webstr\u00e1nky alebo mobilnej aplik\u00e1cie. M\u00f4\u017eu sa vyu\u017e\u00edva\u0165 iba po\u010das va\u0161ej n\u00e1v\u0161tevy alebo sa m\u00f4\u017eu pou\u017ei\u0165 na priebe\u017en\u00e9 sledovanie va\u0161ej interakcie s ur\u010dit\u00fdmi slu\u017ebami a obsahom. S\u00fabory cookies pom\u00e1haj\u00fa pri poskytovan\u00ed d\u00f4le\u017eit\u00fdch funkci\u00ed a prvkov na na\u0161ich webstr\u00e1nkach, ako aj pri zlep\u0161ovan\u00ed v\u00e1\u0161ho z\u00e1kazn\u00edckeho z\u00e1\u017eitku.   <\/p><p>Ak ods\u00fahlas\u00edte S\u00fabory cookies v r\u00e1mci na\u0161ich slu\u017eieb, tieto s\u00fabory sa m\u00f4\u017eu vyu\u017e\u00edva\u0165 na nasledovn\u00e9 \u00fa\u010dely:<\/p><ul class=\"wp-block-list\"><li>zlep\u0161ovanie sp\u00f4sobu fungovania na\u0161ich webstr\u00e1nok,<\/li><li>zlep\u0161ovanie v\u00fdkonu na\u0161ich webstr\u00e1nok,<\/li><li>poskytovanie relevantn\u00fdch online rekl\u00e1m aj prostredn\u00edctvom soci\u00e1lnych m\u00e9di\u00ed,<\/li><li>meranie efektivity na\u0161ej marketingovej komunik\u00e1cie vr\u00e1tane online rekl\u00e1m.<\/li><\/ul><p><strong>Profilovanie a odvoden\u00e9 \u00fadaje<\/strong><\/p><p>Pri prisp\u00f4soben\u00ed obsahu na\u0161ej str\u00e1nky analyzujeme z\u00edskan\u00e9 inform\u00e1cie a zara\u010fujeme n\u00e1v\u0161tevn\u00edkov do ur\u010dit\u00fdch kateg\u00f3ri\u00ed, ktor\u00e9 n\u00e1m pod\u013ea stanoven\u00fdch krit\u00e9ri\u00ed umo\u017e\u0148uj\u00fa hodnoti\u0165 ich spr\u00e1vanie a predv\u00edda\u0165 aspekty s\u00favisiace s osobn\u00fdmi preferenciami a z\u00e1ujmami. T\u00fdmto sp\u00f4sobom vytv\u00e1rame profily os\u00f4b a z\u00edskan\u00e9 \u00fadaje dop\u013a\u0148ame o \u010fal\u0161ie odvoden\u00e9 \u00fadaje. Nevykon\u00e1vame automatizovan\u00e9 individu\u00e1lne rozhodovanie zalo\u017een\u00e9 na profilovan\u00ed.  <\/p><p><strong>Tretie strany<\/strong><\/p><p>Na\u0161a str\u00e1nka m\u00f4\u017ee obsahova\u0165 odkazy a prepojenia na webov\u00e9 str\u00e1nky tret\u00edch str\u00e1n. Za dodr\u017eiavanie ochrany \u00fadajov ani pr\u00edpadn\u00e9 poru\u0161enia, ktor\u00e9 vznikn\u00fa po opusten\u00ed na\u0161ej str\u00e1nky a vstupe na webov\u00e9 str\u00e1nky tret\u00edch str\u00e1n, nenesieme \u017eiadnu zodpovednos\u0165. <\/p><ul class=\"wp-block-list\"><li><strong>Google Analytics<\/strong> &#8211; Na\u0161a str\u00e1nka pou\u017e\u00edva slu\u017ebu Google Analytics. Google Analytics n\u00e1m umo\u017e\u0148uje prostredn\u00edctvom s\u00faborov cookie analyzova\u0165 pou\u017e\u00edvanie str\u00e1nky, vytv\u00e1ra\u0165 r\u00f4zne \u0161tatistiky a reporty. Vhodn\u00fdm nastaven\u00edm v\u00e1\u0161ho internetov\u00e9ho prehliada\u010da m\u00f4\u017eete zak\u00e1za\u0165 ukladanie cookies a zabr\u00e1ni\u0165 tak tomu, aby va\u0161e \u00fadaje boli pou\u017e\u00edvan\u00e9 v Google Analytics. Blokovanie cookies v\u0161ak m\u00f4\u017ee sp\u00f4sobi\u0165, \u017ee niektor\u00e9 funkcionality str\u00e1nky nebud\u00fa dostupn\u00e9. Pou\u017e\u00edvaniu va\u0161ich \u00fadajov v Google Analytics m\u00f4\u017eete tie\u017e zabr\u00e1ni\u0165 nain\u0161talovan\u00edm doplnku Google Analytics opt-out browser add-on do v\u00e1\u0161ho webov\u00e9ho prehliada\u010da. Pre\u010d\u00edtajte si bli\u017e\u0161ie inform\u00e1cie ako spolo\u010dnos\u0165 Google vyu\u017e\u00edva \u00fadaje, ke\u010f pou\u017e\u00edvate na\u0161u str\u00e1nku.     <\/li><li><strong>Google AdWords<\/strong> &#8211; Na spr\u00e1vu reklamy vr\u00e1tane umiest\u0148ovania cielenej reklamy na z\u00e1klade spr\u00e1vania n\u00e1v\u0161tevn\u00edkov na\u0161ej str\u00e1nky pou\u017e\u00edvame slu\u017ebu AdWords, pr\u00edp. \u010fal\u0161ie n\u00e1stroje od spolo\u010dnosti Google. Tieto inzertn\u00e9 produkty vyu\u017e\u00edvaj\u00fa na svoje fungovanie s\u00fabory cookies. Pre\u010d\u00edtajte si, ak\u00e9 typy s\u00faborov cookies pou\u017e\u00edvaj\u00fa spolo\u010dnos\u0165 Google a jej partneri. Pou\u017e\u00edvanie cookies na \u00fa\u010dely reklamy m\u00f4\u017eete obmedzi\u0165 pomocou pr\u00edslu\u0161n\u00fdch nastaven\u00ed v\u00e1\u0161ho internetov\u00e9ho prehliada\u010da alebo m\u00f4\u017eete vyu\u017ei\u0165 tie\u017e n\u00e1stroj Google na nastavenie rekl\u00e1m.    <\/li><li><strong>Hotjar<\/strong> &#8211; Slu\u017eba Hotjar n\u00e1m umo\u017e\u0148uje zlep\u0161ova\u0165 funkcionalitu na\u0161ej str\u00e1nky, robi\u0165 ju u\u017e\u00edvate\u013esky pr\u00edvetivou, hodnotnej\u0161ou a zjednodu\u0161ova\u0165 jej pou\u017eitie pre n\u00e1v\u0161tevn\u00edkov. Pre\u010d\u00edtajte si \u010fal\u0161ie inform\u00e1cie o pou\u017e\u00edvan\u00ed \u00fadajov slu\u017ebou Hotjar. Z\u00edskavanie inform\u00e1ci\u00ed o pou\u017e\u00edvan\u00ed na\u0161ej str\u00e1nky prostredn\u00edctvom slu\u017eby Hotjar m\u00f4\u017eete vypn\u00fa\u0165 kliknut\u00edm na tla\u010didlo \u201eDISABLE HOTJAR&#8221; alebo pr\u00edslu\u0161n\u00fdm nastaven\u00edm v\u00e1\u0161ho prehliada\u010da (zapnut\u00edm funkcie Nesledova\u0165 \u201eDo Not Track&#8221;).  <\/li><\/ul><p><strong>Va\u0161e mo\u017enosti, pokia\u013e ide o S\u00fabory cookies<\/strong> <strong>na webovom prehliada\u010di<\/strong><\/p><p>Pomocou nastaven\u00ed v\u00e1\u0161ho prehliada\u010da m\u00f4\u017eete prija\u0165 alebo odmietnu\u0165 nov\u00e9, pr\u00edpadne odstr\u00e1ni\u0165 u\u017e existuj\u00face S\u00fabory cookies. M\u00f4\u017eete si tie\u017e nastavi\u0165, aby v\u00e1s prehliada\u010d upozornil zaka\u017ed\u00fdm, ke\u010f bud\u00fa do v\u00e1\u0161ho po\u010d\u00edta\u010da umiestnen\u00e9 nov\u00e9 S\u00fabory cookies. Podrobnej\u0161ie inform\u00e1cie o tom, ako m\u00f4\u017eete spravova\u0165 S\u00fabory cookies, n\u00e1jdete prostredn\u00edctvom funkcie pomoci vo va\u0161om prehliada\u010di.  <\/p><p>Ak sa rozhodnete niektor\u00e9 alebo v\u0161etky S\u00fabory cookies zak\u00e1za\u0165, nebudete m\u00f4c\u0165 naplno vyu\u017e\u00edva\u0165 v\u0161etky funkcie na\u0161ich webstr\u00e1nok. Nebudete napr\u00edklad m\u00f4c\u0165 prid\u00e1va\u0165 polo\u017eky do n\u00e1kupn\u00e9ho ko\u0161\u00edka, prist\u00fapi\u0165 k objedn\u00e1vke ani vyu\u017e\u00edva\u0165 tie na\u0161e produkty a slu\u017eby, ktor\u00e9 si vy\u017eaduj\u00fa prihl\u00e1senie. <\/p><p><strong>Ak\u00e9 m\u00e1te pr\u00e1va v s\u00favislosti so sprac\u00favan\u00edm Va\u0161ich osobn\u00fdch \u00fadajov?<\/strong><\/p><ul class=\"wp-block-list\"><li>pr\u00e1vo na pr\u00edstup k osobn\u00fdm \u00fadajom<\/li><li>pr\u00e1vo na opravu osobn\u00fdch \u00fadajov (ak sa domnievate, \u017ee \u00fadaje, ktor\u00e9 v s\u00favislosti s vami uchov\u00e1vame, s\u00fa nepresn\u00e9 alebo ne\u00fapln\u00e9, kontaktujte n\u00e1s a my to naprav\u00edme<\/li><li>pr\u00e1vo na v\u00fdmaz osobn\u00fdch \u00fadajov \u2013 \u201epr\u00e1vo na zabudnutie\u201c<\/li><li>pr\u00e1vo na obmedzenie sprac\u00favania osobn\u00fdch \u00fadajov<\/li><li>pr\u00e1vo na prenosnos\u0165 \u00fadajov (prenosnos\u0165 \u00fadajov je nov\u00e9 pr\u00e1vo, ktor\u00e9 umo\u017e\u0148uje ka\u017ed\u00e9mu ob\u010danovi E\u00da pren\u00e1\u0161a\u0165 svoje \u00fadaje medzi organiz\u00e1ciami. Tento krok je bezplatn\u00fd, pri\u010dom z\u00e1kazn\u00edkom umo\u017e\u0148uje zmenu poskytovate\u013eov slu\u017eieb. Jeho podstata spo\u010d\u00edva v elektronickom odoslan\u00ed a doru\u010den\u00ed \u00fadajov v \u0161trukturovanom, be\u017ene pou\u017e\u00edvanom a strojovo \u010ditate\u013enom form\u00e1te  <\/li><li>pr\u00e1vo namieta\u0165 sprac\u00favanie osobn\u00fdch \u00fadajov a pr\u00e1vo dotknutej osoby aby sa na \u0148u nevz\u0165ahovalo automatizovan\u00e9 individu\u00edlne rozhodovanie vr\u00e1tane profilovania <\/li><li>pr\u00e1vo odvola\u0165 s\u00fahlas so spracovan\u00edm osobn\u00fdch \u00fadajov na z\u00e1klade v\u00fdslovn\u00e9ho s\u00fahlasu, pri\u010dom je prev\u00e1dzkovate\u013e povinn\u00fd umo\u017eni\u0165 tento s\u00fahlas odvola\u0165<\/li><li>odvola\u0165 s\u00fahlas by ste mali vedie\u0165 rovnako \u013eahko ako ste ho udelili<\/li><\/ul><ul class=\"wp-block-list\"><li>pr\u00e1vo poda\u0165 s\u0165a\u017enos\u0165 dozorn\u00e9mu org\u00e1nu, (t\u00fdkaj\u00facu sa toho, ako sme vyu\u017eili va\u0161e osobn\u00e9 \u00fadaje) \u00daradu na ochranu osobn\u00fdch \u00fadajov; e-mail: statny.dozor@pdp.gov.sk; Webstr\u00e1nka: <a href=\"http:\/\/www.dataprotection.gov.sk\/\" target=\"_blank\" rel=\"noreferrer noopener\" aria-label=\"undefined (otv\u00e1ra sa na novej karte)\">www.dataprotection.gov.sk<\/a>; <strong>tel. \u010d\u00edslo: +421 232 313 214 <\/strong><\/li><\/ul>\t\t\t\t\t\t\t\t<\/div>\n\t\t\t\t<\/div>\n\t\t\t\t\t<\/div>\n\t\t\t\t<\/div>\n\t\t\t\t<\/div>\n\t\t","protected":false},"excerpt":{"rendered":"<p>Z\u00e1sady ochrany osobn\u00fdch \u00fadajov Kto je prev\u00e1dzkovate\u013eom Va\u0161ich osobn\u00fdch \u00fadajov? Prev\u00e1dzkovate\u013eom Va\u0161ich osobn\u00fdch \u00fadajov je PROGNESSA, s.r.o. Slobody 27, 980 22 Ve\u013ek\u00fd Blh, I\u010cO: 51 700 263 tel. \u010d\u00edslo: 0902 126 561 e-mail: daniel@prognessa.com web: www.prognessa.com Zodpovedn\u00e1 osoba, na ktor\u00fa sa m\u00f4\u017eete obr\u00e1ti\u0165 Na\u0161a spolo\u010dnos\u0165 m\u00e1 zodpovedn\u00fa osobu na ochranu osobn\u00fdch \u00fadajov, ktor\u00e1 dohliada na [&hellip;]<\/p>\n","protected":false},"author":1,"featured_media":0,"parent":0,"menu_order":0,"comment_status":"closed","ping_status":"closed","template":"elementor_header_footer","meta":{"_acf_changed":false,"inline_featured_image":false,"footnotes":""},"class_list":["post-6988","page","type-page","status-publish","hentry"],"acf":[],"_links":{"self":[{"href":"https:\/\/www.prognessa.com\/en\/wp-json\/wp\/v2\/pages\/6988","targetHints":{"allow":["GET"]}}],"collection":[{"href":"https:\/\/www.prognessa.com\/en\/wp-json\/wp\/v2\/pages"}],"about":[{"href":"https:\/\/www.prognessa.com\/en\/wp-json\/wp\/v2\/types\/page"}],"author":[{"embeddable":true,"href":"https:\/\/www.prognessa.com\/en\/wp-json\/wp\/v2\/users\/1"}],"replies":[{"embeddable":true,"href":"https:\/\/www.prognessa.com\/en\/wp-json\/wp\/v2\/comments?post=6988"}],"version-history":[{"count":1,"href":"https:\/\/www.prognessa.com\/en\/wp-json\/wp\/v2\/pages\/6988\/revisions"}],"predecessor-version":[{"id":6989,"href":"https:\/\/www.prognessa.com\/en\/wp-json\/wp\/v2\/pages\/6988\/revisions\/6989"}],"wp:attachment":[{"href":"https:\/\/www.prognessa.com\/en\/wp-json\/wp\/v2\/media?parent=6988"}],"curies":[{"name":"wp","href":"https:\/\/api.w.org\/{rel}","templated":true}]}}