{"id":9624,"date":"2025-07-21T16:47:56","date_gmt":"2025-07-21T14:47:56","guid":{"rendered":"https:\/\/www.prognessa.com\/become-one-of-us\/copywriter-ppc-seo-specialist\/"},"modified":"2025-11-25T11:20:53","modified_gmt":"2025-11-25T10:20:53","slug":"copywriter-ppc-seo-specialist","status":"publish","type":"page","link":"https:\/\/www.prognessa.com\/en\/become-one-of-us\/copywriter-ppc-seo-specialist\/","title":{"rendered":"Copywriter \/ PPC \/ SEO specialist"},"content":{"rendered":"\t\t<div data-elementor-type=\"wp-page\" data-elementor-id=\"9624\" class=\"elementor elementor-9624 elementor-7497\" data-elementor-post-type=\"page\">\n\t\t\t\t<div class=\"elementor-element elementor-element-8ec71f9 e-flex e-con-boxed e-con e-parent\" data-id=\"8ec71f9\" data-element_type=\"container\" data-e-type=\"container\">\n\t\t\t\t\t<div class=\"e-con-inner\">\n\t\t\t\t<div class=\"elementor-element elementor-element-862f16c elementor-widget elementor-widget-image\" data-id=\"862f16c\" data-element_type=\"widget\" data-e-type=\"widget\" data-widget_type=\"image.default\">\n\t\t\t\t<div class=\"elementor-widget-container\">\n\t\t\t\t\t\t\t\t\t\t\t\t\t\t\t<img decoding=\"async\" width=\"1\" height=\"1\" src=\"https:\/\/www.prognessa.com\/wp-content\/uploads\/2025\/07\/ppc-1.svg\" class=\"attachment-large size-large wp-image-7501\" alt=\"\" \/>\t\t\t\t\t\t\t\t\t\t\t\t\t\t\t<\/div>\n\t\t\t\t<\/div>\n\t\t\t\t<div class=\"elementor-element elementor-element-003ca95 elementor-widget elementor-widget-heading\" data-id=\"003ca95\" data-element_type=\"widget\" data-e-type=\"widget\" data-widget_type=\"heading.default\">\n\t\t\t\t<div class=\"elementor-widget-container\">\n\t\t\t\t\t<h1 class=\"elementor-heading-title elementor-size-default\">Copywriter \/ PPC \/ SEO specialist<\/h1>\t\t\t\t<\/div>\n\t\t\t\t<\/div>\n\t\t<div class=\"elementor-element elementor-element-4e54f5c e-grid e-con-full e-con e-child\" data-id=\"4e54f5c\" data-element_type=\"container\" data-e-type=\"container\">\n\t\t\t\t<div class=\"elementor-element elementor-element-65b884d elementor-icon-list--layout-traditional elementor-list-item-link-full_width elementor-widget elementor-widget-icon-list\" data-id=\"65b884d\" data-element_type=\"widget\" data-e-type=\"widget\" data-widget_type=\"icon-list.default\">\n\t\t\t\t<div class=\"elementor-widget-container\">\n\t\t\t\t\t\t\t<ul class=\"elementor-icon-list-items\">\n\t\t\t\t\t\t\t<li class=\"elementor-icon-list-item\">\n\t\t\t\t\t\t\t\t\t\t\t<span class=\"elementor-icon-list-icon\">\n\t\t\t\t\t\t\t<i aria-hidden=\"true\" class=\"fas fa-map-pin\"><\/i>\t\t\t\t\t\t<\/span>\n\t\t\t\t\t\t\t\t\t\t<span class=\"elementor-icon-list-text\">Place of work:B\u00e9lu Bart\u00f3ka 20a, Rimavsk\u00e1 Sobota<\/span>\n\t\t\t\t\t\t\t\t\t<\/li>\n\t\t\t\t\t\t\t\t<li class=\"elementor-icon-list-item\">\n\t\t\t\t\t\t\t\t\t\t\t<span class=\"elementor-icon-list-icon\">\n\t\t\t\t\t\t\t<i aria-hidden=\"true\" class=\"far fa-calendar-alt\"><\/i>\t\t\t\t\t\t<\/span>\n\t\t\t\t\t\t\t\t\t\t<span class=\"elementor-icon-list-text\">Start date: start immediately<\/span>\n\t\t\t\t\t\t\t\t\t<\/li>\n\t\t\t\t\t\t<\/ul>\n\t\t\t\t\t\t<\/div>\n\t\t\t\t<\/div>\n\t\t\t\t<div class=\"elementor-element elementor-element-5f6df0b elementor-icon-list--layout-traditional elementor-list-item-link-full_width elementor-widget elementor-widget-icon-list\" data-id=\"5f6df0b\" data-element_type=\"widget\" data-e-type=\"widget\" data-widget_type=\"icon-list.default\">\n\t\t\t\t<div class=\"elementor-widget-container\">\n\t\t\t\t\t\t\t<ul class=\"elementor-icon-list-items\">\n\t\t\t\t\t\t\t<li class=\"elementor-icon-list-item\">\n\t\t\t\t\t\t\t\t\t\t\t<span class=\"elementor-icon-list-icon\">\n\t\t\t\t\t\t\t<i aria-hidden=\"true\" class=\"far fa-clock\"><\/i>\t\t\t\t\t\t<\/span>\n\t\t\t\t\t\t\t\t\t\t<span class=\"elementor-icon-list-text\">Type of employment: trade<\/span>\n\t\t\t\t\t\t\t\t\t<\/li>\n\t\t\t\t\t\t\t\t<li class=\"elementor-icon-list-item\">\n\t\t\t\t\t\t\t\t\t\t\t<span class=\"elementor-icon-list-icon\">\n\t\t\t\t\t\t\t<i aria-hidden=\"true\" class=\"fas fa-euro-sign\"><\/i>\t\t\t\t\t\t<\/span>\n\t\t\t\t\t\t\t\t\t\t<span class=\"elementor-icon-list-text\">Salary conditions (gross): from 900 EUR\/month, 900 - 1 500 depending on seniority and performance<\/span>\n\t\t\t\t\t\t\t\t\t<\/li>\n\t\t\t\t\t\t<\/ul>\n\t\t\t\t\t\t<\/div>\n\t\t\t\t<\/div>\n\t\t\t\t<\/div>\n\t\t\t\t<div class=\"elementor-element elementor-element-b728bb0 elementor-widget elementor-widget-text-editor\" data-id=\"b728bb0\" data-element_type=\"widget\" data-e-type=\"widget\" data-widget_type=\"text-editor.default\">\n\t\t\t\t<div class=\"elementor-widget-container\">\n\t\t\t\t\t\t\t\t\t<div class=\"details\"><div class=\"job-info details-section\"><div class=\"subtitle-line\"><div class=\"details\"><div class=\"job-info details-section\"><div class=\"subtitle-line\"><h3>Job information<\/h3><\/div><h4>Job description, powers and responsibilities<\/h4><div class=\"details-desc\">New year &#8211; new job: the position of copywriter at PROGNESSE can be filled by you.<br><br>PROGNESSA focuses on implementing breathtaking marketing activities for companies, while creating a space for those who love to create. If you&#8217;re not afraid to roll up your sleeves and take up the copywriter&#8217;s pen, come join us in turning client briefs into gold. <br><br>What awaits you in our heated\/cooled office?<br><br>\u2714 Verbal acrobatics when writing advertising texts of various scales. We like to say little, but we say a lot.<br>\u2714 Feeding social media with advertising, budgets, and above all great content.<br>\u2714 Uncontrollable idea-spouting in idea-making all the activities listed above. \u200d <br><br>You don&#8217;t need to know all the points mentioned. If you are close to at least one of them, be sure to drop us an email with your CV, a cover letter and a portfolio of your work. <br><br>Can you find yourself in the following points?<br>For starters, we&#8217;re totally fine with you having all five together&#8230; at least during business hours. \ud83d\ude42<br><br>\u2714 It&#8217;s clear to you that advertising doesn&#8217;t just have to be annoying, dull and boring, but also engaging and with a deeper societal meaning. \u2b50\ufe0f<br>\u2714 There&#8217;s a creative mischief-maker in you who doesn&#8217;t fit into the confines of the ordinary and looks at things from multiple sides.<br>\u2714 You&#8217;re extremely responsible. What you promise, you can keep, and what you can&#8217;t keep, you don&#8217;t promise.  <br>\u2714 You see education as your personal advancement. The more knowledge you have, the more different assignments you can do, and of course this will be reflected in your pay. <br><br>Our office is located in the centre of Rimavska Sobota, but commuting from the wider area shouldn&#8217;t be a problem either. We have also relocated several colleagues. So if you feel that you should become our chosen one, go for it! \u270a<\/div><h4>Employee benefits, perks<\/h4><div class=\"details-desc\">What can we make you happy with?<br><br>\u2714 Young dynamic collective that is really young and really dynamic.<br>\u2714 A working Apple computer &#8211; even at its worst, it will never make you freeze up.<br>\u2714 If you want to cut yourself off from outside influences for a while and be as focused as possible on your work, home office is not a problem for us.<br>\u2714 From time to time we tend to move from office chairs to bar stools during team building.<br>\u2714 Our humour is such that it makes us fall to our knees, but when we come together as a team, we are not in danger of falling to our knees.<br>\u2714 Individual Coaching<\/div><\/div><div class=\"job-requirements details-section\"><div class=\"subtitle-line\"><h3>Employee requirements<\/h3><\/div><h4>The position is suitable for candidates with education<\/h4><div class=\"details-desc\">Secondary education with secondary school leaving certificate<br>post-secondary\/higher vocational education<br>university student<br>university degree I<\/div><h4>Language skills<\/h4><div class=\"details-desc\">Slovak Language &#8211; Expert (C2) <strong>and<\/strong> English Language &#8211; Intermediate (B1)<\/div><h4>Driving licence<\/h4><div class=\"details-desc\">B<\/div><\/div><\/div><div class=\"company-info details-section\"><div class=\"subtitle-line\"><h3>Advertising company<\/h3><\/div><h4>Brief characteristics of the company<\/h4><div class=\"details-desc\">Our purpose is to help Slovak companies compete with international corporations.<br><br>At the same time, despite its location (Rimavsk\u00e1 Sobota), PROGNESSA tries to give young people the perspective that also in this region a young person can have a good job that fulfills him and therefore a good standard of living on which he can base his future.<br><br>We have gained knowledge in more than 30 countries around the world and met people who have passed on valuable know-how that we apply to the development of companies. Our core values are progress and happiness. <br><br>Your e-mail is expected at daiana@prognessa.com. Don&#8217;t forget to include your CV and cover letter in your email. <\/div><\/div><\/div><\/div><\/div><div class=\"company-info details-section\"> <\/div>\t\t\t\t\t\t\t\t<\/div>\n\t\t\t\t<\/div>\n\t\t\t\t\t<\/div>\n\t\t\t\t<\/div>\n\t\t<div class=\"elementor-element elementor-element-c217fda e-flex e-con-boxed e-con e-parent\" data-id=\"c217fda\" data-element_type=\"container\" data-e-type=\"container\">\n\t\t\t\t\t<div class=\"e-con-inner\">\n\t\t<div class=\"elementor-element elementor-element-cc3ea38 e-con-full glass e-flex e-con e-child\" data-id=\"cc3ea38\" data-element_type=\"container\" data-e-type=\"container\" data-settings=\"{&quot;background_background&quot;:&quot;gradient&quot;}\">\n\t\t\t\t<div class=\"elementor-element elementor-element-61e636d elementor-button-align-stretch elementor-widget elementor-widget-form\" data-id=\"61e636d\" data-element_type=\"widget\" data-e-type=\"widget\" data-settings=\"{&quot;button_width&quot;:&quot;33&quot;,&quot;step_next_label&quot;:&quot;Next&quot;,&quot;step_previous_label&quot;:&quot;Previous by&quot;,&quot;button_width_tablet&quot;:&quot;70&quot;,&quot;step_type&quot;:&quot;number_text&quot;,&quot;step_icon_shape&quot;:&quot;circle&quot;}\" data-widget_type=\"form.default\">\n\t\t\t\t<div class=\"elementor-widget-container\">\n\t\t\t\t\t\t\t<form class=\"elementor-form\" method=\"post\" name=\"Career Prognessa\" aria-label=\"Career Prognessa\">\n\t\t\t<input type=\"hidden\" name=\"post_id\" value=\"9624\"\/>\n\t\t\t<input type=\"hidden\" name=\"form_id\" value=\"61e636d\"\/>\n\t\t\t<input type=\"hidden\" name=\"referer_title\" value=\"\" \/>\n\n\t\t\t\n\t\t\t<div class=\"elementor-form-fields-wrapper elementor-labels-above\">\n\t\t\t\t\t\t\t\t<div class=\"elementor-field-type-text elementor-field-group elementor-column elementor-field-group-name elementor-col-50 elementor-field-required\">\n\t\t\t\t\t\t\t\t\t\t\t\t<label for=\"form-field-name\" class=\"elementor-field-label\">\n\t\t\t\t\t\t\t\tName\t\t\t\t\t\t\t<\/label>\n\t\t\t\t\t\t\t\t\t\t\t\t\t\t<input size=\"1\" type=\"text\" name=\"form_fields[name]\" id=\"form-field-name\" class=\"elementor-field elementor-size-md  elementor-field-textual\" required=\"required\">\n\t\t\t\t\t\t\t\t\t\t\t<\/div>\n\t\t\t\t\t\t\t\t<div class=\"elementor-field-type-text elementor-field-group elementor-column elementor-field-group-field_ca82dc6 elementor-col-50 elementor-field-required\">\n\t\t\t\t\t\t\t\t\t\t\t\t<label for=\"form-field-field_ca82dc6\" class=\"elementor-field-label\">\n\t\t\t\t\t\t\t\tLast name\t\t\t\t\t\t\t<\/label>\n\t\t\t\t\t\t\t\t\t\t\t\t\t\t<input size=\"1\" type=\"text\" name=\"form_fields[field_ca82dc6]\" id=\"form-field-field_ca82dc6\" class=\"elementor-field elementor-size-md  elementor-field-textual\" required=\"required\">\n\t\t\t\t\t\t\t\t\t\t\t<\/div>\n\t\t\t\t\t\t\t\t<div class=\"elementor-field-type-email elementor-field-group elementor-column elementor-field-group-email elementor-col-50 elementor-field-required\">\n\t\t\t\t\t\t\t\t\t\t\t\t<label for=\"form-field-email\" class=\"elementor-field-label\">\n\t\t\t\t\t\t\t\tEmail\t\t\t\t\t\t\t<\/label>\n\t\t\t\t\t\t\t\t\t\t\t\t\t\t<input size=\"1\" type=\"email\" name=\"form_fields[email]\" id=\"form-field-email\" class=\"elementor-field elementor-size-md  elementor-field-textual\" required=\"required\">\n\t\t\t\t\t\t\t\t\t\t\t<\/div>\n\t\t\t\t\t\t\t\t<div class=\"elementor-field-type-tel elementor-field-group elementor-column elementor-field-group-field_dc6714a elementor-col-50 elementor-field-required\">\n\t\t\t\t\t\t\t\t\t\t\t\t<label for=\"form-field-field_dc6714a\" class=\"elementor-field-label\">\n\t\t\t\t\t\t\t\tPhone number\t\t\t\t\t\t\t<\/label>\n\t\t\t\t\t\t\t\t<input size=\"1\" type=\"tel\" name=\"form_fields[field_dc6714a]\" id=\"form-field-field_dc6714a\" class=\"elementor-field elementor-size-md  elementor-field-textual\" required=\"required\" pattern=\"[0-9()#&amp;+*-=.]+\" title=\"Only numbers and phone characters (#, -, *, etc) are accepted.\">\n\n\t\t\t\t\t\t<\/div>\n\t\t\t\t\t\t\t\t<div class=\"elementor-field-type-upload elementor-field-group elementor-column elementor-field-group-field_13e9060 elementor-col-50\">\n\t\t\t\t\t\t\t\t\t\t\t\t<label for=\"form-field-field_13e9060\" class=\"elementor-field-label\">\n\t\t\t\t\t\t\t\tCV\t\t\t\t\t\t\t<\/label>\n\t\t\t\t\t\t\t\t<input type=\"file\" name=\"form_fields[field_13e9060][]\" id=\"form-field-field_13e9060\" class=\"elementor-field elementor-size-md  elementor-upload-field\" multiple=\"multiple\" data-maxsize=\"3\" data-maxsize-message=\"This file exceeds the maximum allowed size.\">\n\n\t\t\t\t\t\t<\/div>\n\t\t\t\t\t\t\t\t<div class=\"elementor-field-type-upload elementor-field-group elementor-column elementor-field-group-field_85af1e9 elementor-col-50\">\n\t\t\t\t\t\t\t\t\t\t\t\t<label for=\"form-field-field_85af1e9\" class=\"elementor-field-label\">\n\t\t\t\t\t\t\t\tCover letter \/ Portfolio\t\t\t\t\t\t\t<\/label>\n\t\t\t\t\t\t\t\t<input type=\"file\" name=\"form_fields[field_85af1e9][]\" id=\"form-field-field_85af1e9\" class=\"elementor-field elementor-size-md  elementor-upload-field\" multiple=\"multiple\" data-maxsize=\"3\" data-maxsize-message=\"This file exceeds the maximum allowed size.\">\n\n\t\t\t\t\t\t<\/div>\n\t\t\t\t\t\t\t\t<div class=\"elementor-field-type-textarea elementor-field-group elementor-column elementor-field-group-field_cba298b elementor-col-100\">\n\t\t\t\t\t\t\t\t\t\t\t\t<label for=\"form-field-field_cba298b\" class=\"elementor-field-label\">\n\t\t\t\t\t\t\t\tIf you have something to say to us, write it here\t\t\t\t\t\t\t<\/label>\n\t\t\t\t\t\t<textarea class=\"elementor-field-textual elementor-field  elementor-size-md\" name=\"form_fields[field_cba298b]\" id=\"form-field-field_cba298b\" rows=\"4\"><\/textarea>\t\t\t\t<\/div>\n\t\t\t\t\t\t\t\t<div class=\"elementor-field-type-acceptance elementor-field-group elementor-column elementor-field-group-field_84775b9 elementor-col-100 elementor-field-required\">\n\t\t\t\t\t\t\t\t\t\t\t\t<label for=\"form-field-field_84775b9\" class=\"elementor-field-label\">\n\t\t\t\t\t\t\t\tGDPR\t\t\t\t\t\t\t<\/label>\n\t\t\t\t\t\t\t\t<div class=\"elementor-field-subgroup\">\n\t\t\t<span class=\"elementor-field-option\">\n\t\t\t\t<input type=\"checkbox\" name=\"form_fields[field_84775b9]\" id=\"form-field-field_84775b9\" class=\"elementor-field elementor-size-md  elementor-acceptance-field\" required=\"required\">\n\t\t\t\t<label for=\"form-field-field_84775b9\">I confirm my consent to the processing of personal data<\/label>\t\t\t<\/span>\n\t\t<\/div>\n\t\t\t\t\t\t<\/div>\n\t\t\t\t\t\t\t\t<div class=\"elementor-field-type-recaptcha_v3 elementor-field-group elementor-column elementor-field-group-field_d9d4d85 elementor-col-100 recaptcha_v3-inline\">\n\t\t\t\t\t<div class=\"elementor-field\" id=\"form-field-field_d9d4d85\"><div class=\"elementor-g-recaptcha\" data-sitekey=\"6LfFvH8rAAAAAPCwKqwfxX_xdOJCVuXfpJ7b5cBN\" data-type=\"v3\" data-action=\"Form\" data-badge=\"inline\" data-size=\"invisible\"><\/div><\/div>\t\t\t\t<\/div>\n\t\t\t\t\t\t\t\t<div class=\"elementor-field-group elementor-column elementor-field-type-submit elementor-col-33 e-form__buttons elementor-md-70\">\n\t\t\t\t\t<button class=\"elementor-button elementor-size-sm\" type=\"submit\">\n\t\t\t\t\t\t<span class=\"elementor-button-content-wrapper\">\n\t\t\t\t\t\t\t\t\t\t\t\t\t\t\t\t\t\t\t\t\t\t<span class=\"elementor-button-text\">Send message<\/span>\n\t\t\t\t\t\t\t\t\t\t\t\t\t<\/span>\n\t\t\t\t\t<\/button>\n\t\t\t\t<\/div>\n\t\t\t<\/div>\n\t\t<\/form>\n\t\t\t\t\t\t<\/div>\n\t\t\t\t<\/div>\n\t\t\t\t<\/div>\n\t\t\t\t\t<\/div>\n\t\t\t\t<\/div>\n\t\t\t\t<\/div>\n\t\t","protected":false},"excerpt":{"rendered":"<p>Copywriter \/ PPC \/ SEO specialist Place of work:B\u00e9lu Bart\u00f3ka 20a, Rimavsk\u00e1 Sobota Start date: start immediately Type of employment: trade Salary conditions (gross): from 900 EUR\/month, 900 &#8211; 1 500 depending on seniority and performance Job information Job description, powers and responsibilities New year &#8211; new job: the position of copywriter at PROGNESSE can [&hellip;]<\/p>\n","protected":false},"author":1,"featured_media":0,"parent":9530,"menu_order":0,"comment_status":"closed","ping_status":"closed","template":"elementor_header_footer","meta":{"_acf_changed":false,"inline_featured_image":false,"footnotes":""},"class_list":["post-9624","page","type-page","status-publish","hentry"],"acf":[],"_links":{"self":[{"href":"https:\/\/www.prognessa.com\/en\/wp-json\/wp\/v2\/pages\/9624","targetHints":{"allow":["GET"]}}],"collection":[{"href":"https:\/\/www.prognessa.com\/en\/wp-json\/wp\/v2\/pages"}],"about":[{"href":"https:\/\/www.prognessa.com\/en\/wp-json\/wp\/v2\/types\/page"}],"author":[{"embeddable":true,"href":"https:\/\/www.prognessa.com\/en\/wp-json\/wp\/v2\/users\/1"}],"replies":[{"embeddable":true,"href":"https:\/\/www.prognessa.com\/en\/wp-json\/wp\/v2\/comments?post=9624"}],"version-history":[{"count":1,"href":"https:\/\/www.prognessa.com\/en\/wp-json\/wp\/v2\/pages\/9624\/revisions"}],"predecessor-version":[{"id":9625,"href":"https:\/\/www.prognessa.com\/en\/wp-json\/wp\/v2\/pages\/9624\/revisions\/9625"}],"up":[{"embeddable":true,"href":"https:\/\/www.prognessa.com\/en\/wp-json\/wp\/v2\/pages\/9530"}],"wp:attachment":[{"href":"https:\/\/www.prognessa.com\/en\/wp-json\/wp\/v2\/media?parent=9624"}],"curies":[{"name":"wp","href":"https:\/\/api.w.org\/{rel}","templated":true}]}}