{"id":9862,"date":"2025-08-08T14:42:43","date_gmt":"2025-08-08T12:42:43","guid":{"rendered":"https:\/\/www.prognessa.com\/segments\/"},"modified":"2025-11-25T11:26:35","modified_gmt":"2025-11-25T10:26:35","slug":"segments","status":"publish","type":"page","link":"https:\/\/www.prognessa.com\/en\/segments\/","title":{"rendered":"Segments"},"content":{"rendered":"\t\t<div data-elementor-type=\"wp-page\" data-elementor-id=\"9862\" class=\"elementor elementor-9862 elementor-8941\" data-elementor-post-type=\"page\">\n\t\t\t\t<div class=\"elementor-element elementor-element-6cfa8aa e-flex e-con-boxed e-con e-parent\" data-id=\"6cfa8aa\" data-element_type=\"container\" data-e-type=\"container\" data-settings=\"{&quot;background_background&quot;:&quot;classic&quot;}\">\n\t\t\t\t\t<div class=\"e-con-inner\">\n\t\t<div class=\"elementor-element elementor-element-960d147 e-con-full e-flex e-con e-child\" data-id=\"960d147\" data-element_type=\"container\" data-e-type=\"container\">\n\t\t\t\t<div class=\"elementor-element elementor-element-2b4b2fa elementor-widget elementor-widget-heading\" data-id=\"2b4b2fa\" data-element_type=\"widget\" data-e-type=\"widget\" data-widget_type=\"heading.default\">\n\t\t\t\t<div class=\"elementor-widget-container\">\n\t\t\t\t\t<h1 class=\"elementor-heading-title elementor-size-default\">\nWhether you're mixing cosmetics in your garage, making furniture, or making great candy -<span class=\"text-stroke\"> one thing's for sure:<\/span><\/h1>\t\t\t\t<\/div>\n\t\t\t\t<\/div>\n\t\t\t\t<div class=\"elementor-element elementor-element-fb1f3c8 elementor-widget elementor-widget-text-editor\" data-id=\"fb1f3c8\" data-element_type=\"widget\" data-e-type=\"widget\" data-widget_type=\"text-editor.default\">\n\t\t\t\t<div class=\"elementor-widget-container\">\n\t\t\t\t\t\t\t\t\t<p><span style=\"font-weight: 400;\">Either you produce or you sell. Doing both is challenging. You make great things &#8211; they smell, they work, they taste. But who knows about them? Business isn&#8217;t keeping up, marketing is last on the list, and people are getting more and more expensive. And you feel like everything is hanging on you.     <\/span><\/p>\t\t\t\t\t\t\t\t<\/div>\n\t\t\t\t<\/div>\n\t\t<div class=\"elementor-element elementor-element-08e007b e-con-full e-flex e-con e-child\" data-id=\"08e007b\" data-element_type=\"container\" data-e-type=\"container\">\n\t\t\t\t<div class=\"elementor-element elementor-element-5dbb175 elementor-align-right glow-button elementor-widget elementor-widget-button\" data-id=\"5dbb175\" data-element_type=\"widget\" data-e-type=\"widget\" data-widget_type=\"button.default\">\n\t\t\t\t<div class=\"elementor-widget-container\">\n\t\t\t\t\t\t\t\t\t<div class=\"elementor-button-wrapper\">\n\t\t\t\t\t<a class=\"elementor-button elementor-button-link elementor-size-md\" href=\"#sluzby\">\n\t\t\t\t\t\t<span class=\"elementor-button-content-wrapper\">\n\t\t\t\t\t\t\t\t\t<span class=\"elementor-button-text\">Offer of services<\/span>\n\t\t\t\t\t<\/span>\n\t\t\t\t\t<\/a>\n\t\t\t\t<\/div>\n\t\t\t\t\t\t\t\t<\/div>\n\t\t\t\t<\/div>\n\t\t\t\t<div class=\"elementor-element elementor-element-6224e46 elementor-align-right glow-button elementor-widget elementor-widget-button\" data-id=\"6224e46\" data-element_type=\"widget\" data-e-type=\"widget\" data-widget_type=\"button.default\">\n\t\t\t\t<div class=\"elementor-widget-container\">\n\t\t\t\t\t\t\t\t\t<div class=\"elementor-button-wrapper\">\n\t\t\t\t\t<a class=\"elementor-button elementor-button-link elementor-size-md\" href=\"\/referencie\/\">\n\t\t\t\t\t\t<span class=\"elementor-button-content-wrapper\">\n\t\t\t\t\t\t\t\t\t<span class=\"elementor-button-text\">References<\/span>\n\t\t\t\t\t<\/span>\n\t\t\t\t\t<\/a>\n\t\t\t\t<\/div>\n\t\t\t\t\t\t\t\t<\/div>\n\t\t\t\t<\/div>\n\t\t\t\t<\/div>\n\t\t\t\t<\/div>\n\t\t<div class=\"elementor-element elementor-element-786c428 e-con-full e-flex e-con e-child\" data-id=\"786c428\" data-element_type=\"container\" data-e-type=\"container\">\n\t\t\t\t<div class=\"elementor-element elementor-element-9c5fe50 elementor-hidden-mobile elementor-widget elementor-widget-image\" data-id=\"9c5fe50\" data-element_type=\"widget\" data-e-type=\"widget\" data-widget_type=\"image.default\">\n\t\t\t\t<div class=\"elementor-widget-container\">\n\t\t\t\t\t\t\t\t\t\t\t\t\t\t\t<img fetchpriority=\"high\" decoding=\"async\" width=\"800\" height=\"800\" src=\"https:\/\/www.prognessa.com\/wp-content\/uploads\/2025\/07\/prognessa-marketingova-agentura.png\" class=\"attachment-large size-large wp-image-6379\" alt=\"Marketingov\u00e1 agent\u00fara Prognessa 3D vizualiz\u00e1cia loga\" srcset=\"https:\/\/www.prognessa.com\/wp-content\/uploads\/2025\/07\/prognessa-marketingova-agentura.png 1024w, https:\/\/www.prognessa.com\/wp-content\/uploads\/2025\/07\/prognessa-marketingova-agentura-300x300.png 300w, https:\/\/www.prognessa.com\/wp-content\/uploads\/2025\/07\/prognessa-marketingova-agentura-150x150.png 150w, https:\/\/www.prognessa.com\/wp-content\/uploads\/2025\/07\/prognessa-marketingova-agentura-768x768.png 768w\" sizes=\"(max-width: 800px) 100vw, 800px\" \/>\t\t\t\t\t\t\t\t\t\t\t\t\t\t\t<\/div>\n\t\t\t\t<\/div>\n\t\t\t\t<\/div>\n\t\t\t\t\t<\/div>\n\t\t\t\t<\/div>\n\t\t<div class=\"elementor-element elementor-element-923c66e e-flex e-con-boxed e-con e-parent\" data-id=\"923c66e\" data-element_type=\"container\" data-e-type=\"container\">\n\t\t\t\t\t<div class=\"e-con-inner\">\n\t\t\t\t<div class=\"elementor-element elementor-element-112c563 elementor-widget elementor-widget-heading\" data-id=\"112c563\" data-element_type=\"widget\" data-e-type=\"widget\" data-widget_type=\"heading.default\">\n\t\t\t\t<div class=\"elementor-widget-container\">\n\t\t\t\t\t<h2 class=\"elementor-heading-title elementor-size-default\">Good news? You don't have to pull everything yourself.   <\/h2>\t\t\t\t<\/div>\n\t\t\t\t<\/div>\n\t\t\t\t<div class=\"elementor-element elementor-element-e73ecea elementor-widget elementor-widget-text-editor\" data-id=\"e73ecea\" data-element_type=\"widget\" data-e-type=\"widget\" data-widget_type=\"text-editor.default\">\n\t\t\t\t<div class=\"elementor-widget-container\">\n\t\t\t\t\t\t\t\t\t<p><span style=\"font-weight: 400;\">There is a way to put it all together. Automate it, make it visible and sell it. With a digital team behind you.  <\/span><\/p>\t\t\t\t\t\t\t\t<\/div>\n\t\t\t\t<\/div>\n\t\t\t\t\t<\/div>\n\t\t\t\t<\/div>\n\t\t<div class=\"elementor-element elementor-element-23bf6f1 e-flex e-con-boxed e-con e-parent\" data-id=\"23bf6f1\" data-element_type=\"container\" data-e-type=\"container\">\n\t\t\t\t\t<div class=\"e-con-inner\">\n\t\t\t\t<div class=\"elementor-element elementor-element-918f5c6 elementor-widget elementor-widget-heading\" data-id=\"918f5c6\" data-element_type=\"widget\" data-e-type=\"widget\" data-widget_type=\"heading.default\">\n\t\t\t\t<div class=\"elementor-widget-container\">\n\t\t\t\t\t<h2 class=\"elementor-heading-title elementor-size-default\">We helped these brands take off. Look how far they've come   <\/h2>\t\t\t\t<\/div>\n\t\t\t\t<\/div>\n\t\t\t\t\t<\/div>\n\t\t\t\t<\/div>\n\t\t<div class=\"elementor-element elementor-element-71e47f6 e-flex e-con-boxed e-con e-parent\" data-id=\"71e47f6\" data-element_type=\"container\" data-e-type=\"container\">\n\t\t\t\t\t<div class=\"e-con-inner\">\n\t\t<div class=\"elementor-element elementor-element-be1dffd e-grid e-con-full e-con e-child\" data-id=\"be1dffd\" data-element_type=\"container\" data-e-type=\"container\">\n\t\t\t\t<div class=\"elementor-element elementor-element-a7a7fad elementor-widget elementor-widget-image\" data-id=\"a7a7fad\" data-element_type=\"widget\" data-e-type=\"widget\" data-widget_type=\"image.default\">\n\t\t\t\t<div class=\"elementor-widget-container\">\n\t\t\t\t\t\t\t\t\t\t\t\t\t\t\t<img decoding=\"async\" width=\"800\" height=\"800\" src=\"https:\/\/www.prognessa.com\/wp-content\/uploads\/2025\/06\/mercedes-benz-prognessa-klient.svg\" class=\"attachment-large size-large wp-image-6326\" alt=\"\" \/>\t\t\t\t\t\t\t\t\t\t\t\t\t\t\t<\/div>\n\t\t\t\t<\/div>\n\t\t\t\t<div class=\"elementor-element elementor-element-15b7201 elementor-widget elementor-widget-image\" data-id=\"15b7201\" data-element_type=\"widget\" data-e-type=\"widget\" data-widget_type=\"image.default\">\n\t\t\t\t<div class=\"elementor-widget-container\">\n\t\t\t\t\t\t\t\t\t\t\t\t\t\t\t<img decoding=\"async\" width=\"800\" height=\"800\" src=\"https:\/\/www.prognessa.com\/wp-content\/uploads\/2025\/06\/peugeot-prognessa-klient.svg\" class=\"attachment-large size-large wp-image-6327\" alt=\"\" \/>\t\t\t\t\t\t\t\t\t\t\t\t\t\t\t<\/div>\n\t\t\t\t<\/div>\n\t\t\t\t<div class=\"elementor-element elementor-element-cada62f elementor-widget elementor-widget-image\" data-id=\"cada62f\" data-element_type=\"widget\" data-e-type=\"widget\" data-widget_type=\"image.default\">\n\t\t\t\t<div class=\"elementor-widget-container\">\n\t\t\t\t\t\t\t\t\t\t\t\t\t\t\t<img loading=\"lazy\" decoding=\"async\" width=\"800\" height=\"800\" src=\"https:\/\/www.prognessa.com\/wp-content\/uploads\/2025\/06\/narodna-dialnicna-spolocnost-prognessa-klient.svg\" class=\"attachment-large size-large wp-image-6328\" alt=\"\" \/>\t\t\t\t\t\t\t\t\t\t\t\t\t\t\t<\/div>\n\t\t\t\t<\/div>\n\t\t\t\t<div class=\"elementor-element elementor-element-9b5ab28 elementor-widget elementor-widget-image\" data-id=\"9b5ab28\" data-element_type=\"widget\" data-e-type=\"widget\" data-widget_type=\"image.default\">\n\t\t\t\t<div class=\"elementor-widget-container\">\n\t\t\t\t\t\t\t\t\t\t\t\t\t\t\t<img loading=\"lazy\" decoding=\"async\" width=\"800\" height=\"800\" src=\"https:\/\/www.prognessa.com\/wp-content\/uploads\/2025\/06\/bezpecnostne-dvere-sofia-prognessa-klient.svg\" class=\"attachment-large size-large wp-image-6329\" alt=\"\" \/>\t\t\t\t\t\t\t\t\t\t\t\t\t\t\t<\/div>\n\t\t\t\t<\/div>\n\t\t\t\t<div class=\"elementor-element elementor-element-b44277c elementor-widget elementor-widget-image\" data-id=\"b44277c\" data-element_type=\"widget\" data-e-type=\"widget\" data-widget_type=\"image.default\">\n\t\t\t\t<div class=\"elementor-widget-container\">\n\t\t\t\t\t\t\t\t\t\t\t\t\t\t\t<img loading=\"lazy\" decoding=\"async\" width=\"800\" height=\"800\" src=\"https:\/\/www.prognessa.com\/wp-content\/uploads\/2025\/06\/riso-prognessa-klient.svg\" class=\"attachment-large size-large wp-image-6330\" alt=\"\" \/>\t\t\t\t\t\t\t\t\t\t\t\t\t\t\t<\/div>\n\t\t\t\t<\/div>\n\t\t\t\t<div class=\"elementor-element elementor-element-281a340 elementor-widget elementor-widget-image\" data-id=\"281a340\" data-element_type=\"widget\" data-e-type=\"widget\" data-widget_type=\"image.default\">\n\t\t\t\t<div class=\"elementor-widget-container\">\n\t\t\t\t\t\t\t\t\t\t\t\t\t\t\t<img loading=\"lazy\" decoding=\"async\" width=\"800\" height=\"800\" src=\"https:\/\/www.prognessa.com\/wp-content\/uploads\/2025\/06\/renojava-prognessa-klient.svg\" class=\"attachment-large size-large wp-image-6321\" alt=\"\" \/>\t\t\t\t\t\t\t\t\t\t\t\t\t\t\t<\/div>\n\t\t\t\t<\/div>\n\t\t\t\t<\/div>\n\t\t\t\t\t<\/div>\n\t\t\t\t<\/div>\n\t\t\t\t<\/div>\n\t\t","protected":false},"excerpt":{"rendered":"<p>Whether you&#8217;re mixing cosmetics in your garage, making furniture, or making great candy &#8211; one thing&#8217;s for sure: Either you produce or you sell. Doing both is challenging. You make great things &#8211; they smell, they work, they taste. But who knows about them? Business isn&#8217;t keeping up, marketing is last on the list, and [&hellip;]<\/p>\n","protected":false},"author":1,"featured_media":0,"parent":0,"menu_order":0,"comment_status":"closed","ping_status":"closed","template":"elementor_header_footer","meta":{"_acf_changed":false,"inline_featured_image":false,"footnotes":""},"class_list":["post-9862","page","type-page","status-publish","hentry"],"acf":[],"_links":{"self":[{"href":"https:\/\/www.prognessa.com\/en\/wp-json\/wp\/v2\/pages\/9862","targetHints":{"allow":["GET"]}}],"collection":[{"href":"https:\/\/www.prognessa.com\/en\/wp-json\/wp\/v2\/pages"}],"about":[{"href":"https:\/\/www.prognessa.com\/en\/wp-json\/wp\/v2\/types\/page"}],"author":[{"embeddable":true,"href":"https:\/\/www.prognessa.com\/en\/wp-json\/wp\/v2\/users\/1"}],"replies":[{"embeddable":true,"href":"https:\/\/www.prognessa.com\/en\/wp-json\/wp\/v2\/comments?post=9862"}],"version-history":[{"count":3,"href":"https:\/\/www.prognessa.com\/en\/wp-json\/wp\/v2\/pages\/9862\/revisions"}],"predecessor-version":[{"id":9877,"href":"https:\/\/www.prognessa.com\/en\/wp-json\/wp\/v2\/pages\/9862\/revisions\/9877"}],"wp:attachment":[{"href":"https:\/\/www.prognessa.com\/en\/wp-json\/wp\/v2\/media?parent=9862"}],"curies":[{"name":"wp","href":"https:\/\/api.w.org\/{rel}","templated":true}]}}